{"id":975,"date":"2019-02-07T19:06:23","date_gmt":"2019-02-07T19:06:23","guid":{"rendered":"https:\/\/www.oictaxservices.com\/problems\/"},"modified":"2019-12-31T20:23:26","modified_gmt":"2019-12-31T20:23:26","slug":"problemas","status":"publish","type":"page","link":"https:\/\/sanfrancisco.oictaxservices.com\/es\/problemas\/","title":{"rendered":"Problemas"},"content":{"rendered":"<div class=\"wpb-content-wrapper\"><p>[vc_row][vc_column width=\u00bb1\/2&#8243;][vc_empty_space][vc_single_image image=\u00bb973&#8243; img_size=\u00bbmedium\u00bb alignment=\u00bbcenter\u00bb][vc_column_text]<\/p>\n<h3 style=\"text-align: center;\">PROBLEMAS?<\/h3>\n<p>Los problemas provocan preocupaci\u00f3n, estr\u00e9s y junto con la falta de direcci\u00f3n crean la tormenta perfecta de desesperaci\u00f3n. Hay esperanza y direcci\u00f3n con los servicios OIC TAX, con nuestra experiencia en leyes federales y estatales, sus problemas de impuestos se desvanecer\u00e1n y un nuevo d\u00eda comenzar\u00e1.<\/p>\n<p>Ya sea que no haya presentado impuestos en a\u00f1os, que este enfrentando un divorcio o embargo de salario, le esperan d\u00edas mejores con los Servicios OIC TAX.[\/vc_column_text][\/vc_column][vc_column width=\u00bb1\/2&#8243;][vc_single_image image=\u00bb971&#8243; img_size=\u00bbfull\u00bb alignment=\u00bbcenter\u00bb style=\u00bbvc_box_shadow_3d\u00bb][\/vc_column][\/vc_row]<\/p>\n<\/div>","protected":false},"excerpt":{"rendered":"<p>[vc_row][vc_column width=\u00bb1\/2&#8243;][vc_empty_space][vc_single_image image=\u00bb973&#8243; img_size=\u00bbmedium\u00bb alignment=\u00bbcenter\u00bb][vc_column_text] PROBLEMAS? Los problemas provocan preocupaci\u00f3n, estr\u00e9s y junto con la falta de direcci\u00f3n crean la tormenta perfecta de desesperaci\u00f3n. Hay esperanza y direcci\u00f3n con los servicios OIC TAX, con nuestra experiencia en leyes federales y estatales, sus problemas de impuestos se desvanecer\u00e1n y un nuevo d\u00eda comenzar\u00e1. Ya sea que [&hellip;]<\/p>\n","protected":false},"author":1,"featured_media":0,"parent":0,"menu_order":0,"comment_status":"closed","ping_status":"closed","template":"","meta":{"footnotes":""},"class_list":["post-975","page","type-page","status-publish","hentry"],"_links":{"self":[{"href":"https:\/\/sanfrancisco.oictaxservices.com\/es\/wp-json\/wp\/v2\/pages\/975"}],"collection":[{"href":"https:\/\/sanfrancisco.oictaxservices.com\/es\/wp-json\/wp\/v2\/pages"}],"about":[{"href":"https:\/\/sanfrancisco.oictaxservices.com\/es\/wp-json\/wp\/v2\/types\/page"}],"author":[{"embeddable":true,"href":"https:\/\/sanfrancisco.oictaxservices.com\/es\/wp-json\/wp\/v2\/users\/1"}],"replies":[{"embeddable":true,"href":"https:\/\/sanfrancisco.oictaxservices.com\/es\/wp-json\/wp\/v2\/comments?post=975"}],"version-history":[{"count":4,"href":"https:\/\/sanfrancisco.oictaxservices.com\/es\/wp-json\/wp\/v2\/pages\/975\/revisions"}],"predecessor-version":[{"id":1008,"href":"https:\/\/sanfrancisco.oictaxservices.com\/es\/wp-json\/wp\/v2\/pages\/975\/revisions\/1008"}],"wp:attachment":[{"href":"https:\/\/sanfrancisco.oictaxservices.com\/es\/wp-json\/wp\/v2\/media?parent=975"}],"curies":[{"name":"wp","href":"https:\/\/api.w.org\/{rel}","templated":true}]}}