{"id":810,"date":"2019-10-31T21:49:59","date_gmt":"2019-10-31T21:49:59","guid":{"rendered":"https:\/\/www.oictaxservices.com\/?page_id=810"},"modified":"2019-11-01T16:17:30","modified_gmt":"2019-11-01T16:17:30","slug":"politica-de-privacidad","status":"publish","type":"page","link":"https:\/\/sanfrancisco.oictaxservices.com\/es\/politica-de-privacidad\/","title":{"rendered":"Pol\u00edtica de Privacidad"},"content":{"rendered":"<div class=\"wpb-content-wrapper\"><p>[vc_row][vc_column][vc_column_text]<\/p>\n<h3>Pol\u00edtica de Privacidad<\/h3>\n<p>OIC Tax recopila informaci\u00f3n personal no p\u00fablica sobre usted y su familia si es correspondiente para preparar y completar adecuadamente sus declaraciones de impuestos solicitadas de las siguientes fuentes:<\/p>\n<ul>\n<li>Informaci\u00f3n recibida de usted en solicitudes, hojas de trabajo de preparaci\u00f3n de impuestos y otros documentos como formularios de informaci\u00f3n para entrevistas y organizadores de clientes, ya sea que usted los haya presentado o completado en su nombre o hayan sido utilizados en la preparaci\u00f3n de su declaraci\u00f3n de impuestos y otros formularios relacionados con impuestos.<\/li>\n<li>Informaci\u00f3n sobre su historial con nosotros y\/u otras empresas de preparaci\u00f3n de impuestos que ofrecen servicios similares.<\/li>\n<li>Informaci\u00f3n que recibimos de una agencia de informes del consumidor de acuerdo con los productos relacionados con impuestos solicitados por usted.<\/li>\n<li>OIC Tax no divulgar\u00e1 su informaci\u00f3n personal no p\u00fablica a nadie, excepto seg\u00fan lo permita la ley o lo autorice usted.<\/li>\n<\/ul>\n<p>Si decide cerrar su(s) cuenta(s) o convertirse en un cliente inactivo, OIC Tax se adherir\u00e1 a las pol\u00edticas y pr\u00e1cticas de privacidad como se indic\u00f3 anteriormente. OIC  TAX restringe el acceso a su informaci\u00f3n personal p\u00fablica y no p\u00fablica, incluida la informaci\u00f3n de su cuenta, a aquellos empleados que necesitan conocer esa informaci\u00f3n para proporcionar productos y\/o servicios solicitados por usted.<\/p>\n<p>OIC Tax mantiene protecciones f\u00edsicas, electr\u00f3nicas y de procedimiento que cumplen con los est\u00e1ndares federales para proteger su informaci\u00f3n personal no p\u00fablica.<\/p>\n<p>Sabemos que tiene confianza en nuestra capacidad de realizar los servicios solicitados por usted. Igualmente importante para nosotros es su confianza en saber que toda su informaci\u00f3n personal est\u00e1 segura.<\/p>\n<p>P\u00f3ngase en contacto con nosotros al (916) 331-2011 si tiene alguna pregunta o inquietud sobre nuestra pol\u00edtica de privacidad.[\/vc_column_text][\/vc_column][\/vc_row]<\/p>\n<\/div>","protected":false},"excerpt":{"rendered":"<p>[vc_row][vc_column][vc_column_text] Pol\u00edtica de Privacidad OIC Tax recopila informaci\u00f3n personal no p\u00fablica sobre usted y su familia si es correspondiente para preparar y completar adecuadamente sus declaraciones de impuestos solicitadas de las siguientes fuentes: Informaci\u00f3n recibida de usted en solicitudes, hojas de trabajo de preparaci\u00f3n de impuestos y otros documentos como formularios de informaci\u00f3n para entrevistas [&hellip;]<\/p>\n","protected":false},"author":2,"featured_media":0,"parent":0,"menu_order":0,"comment_status":"closed","ping_status":"closed","template":"","meta":{"footnotes":""},"class_list":["post-810","page","type-page","status-publish","hentry"],"_links":{"self":[{"href":"https:\/\/sanfrancisco.oictaxservices.com\/es\/wp-json\/wp\/v2\/pages\/810"}],"collection":[{"href":"https:\/\/sanfrancisco.oictaxservices.com\/es\/wp-json\/wp\/v2\/pages"}],"about":[{"href":"https:\/\/sanfrancisco.oictaxservices.com\/es\/wp-json\/wp\/v2\/types\/page"}],"author":[{"embeddable":true,"href":"https:\/\/sanfrancisco.oictaxservices.com\/es\/wp-json\/wp\/v2\/users\/2"}],"replies":[{"embeddable":true,"href":"https:\/\/sanfrancisco.oictaxservices.com\/es\/wp-json\/wp\/v2\/comments?post=810"}],"version-history":[{"count":5,"href":"https:\/\/sanfrancisco.oictaxservices.com\/es\/wp-json\/wp\/v2\/pages\/810\/revisions"}],"predecessor-version":[{"id":821,"href":"https:\/\/sanfrancisco.oictaxservices.com\/es\/wp-json\/wp\/v2\/pages\/810\/revisions\/821"}],"wp:attachment":[{"href":"https:\/\/sanfrancisco.oictaxservices.com\/es\/wp-json\/wp\/v2\/media?parent=810"}],"curies":[{"name":"wp","href":"https:\/\/api.w.org\/{rel}","templated":true}]}}