{"id":800,"date":"2019-02-07T19:08:10","date_gmt":"2019-02-07T19:08:10","guid":{"rendered":"https:\/\/www.oictaxservices.com\/received-irs-notices\/"},"modified":"2019-10-30T21:54:36","modified_gmt":"2019-10-30T21:54:36","slug":"avisos-recibidos-del-irs","status":"publish","type":"page","link":"https:\/\/sanfrancisco.oictaxservices.com\/es\/problemas\/avisos-recibidos-del-irs\/","title":{"rendered":"Avisos Recibidos del IRS"},"content":{"rendered":"<div class=\"wpb-content-wrapper\"><p>[vc_row][vc_column][vc_column_text]\u00bfEst\u00e1 recibiendo muchos avisos por correo del IRS? \u00bfNo est\u00e1 claro qu\u00e9 significan algunos de ellos? A veces hay duplicados de estos avisos del IRS, as\u00ed como documentos que entran en conflicto. Podemos ser sus traductores; echemos un vistazo a los documentos y le diremos exactamente lo que el IRS quiere de usted. Incluso podemos decirle qu\u00e9 puede hacer para solucionar el problema y guiarlo en cada paso del camino. Muchos de estos avisos del IRS requerir\u00e1n una respuesta inmediata. Aunque es f\u00e1cil ignorarlas, estas cartas no deben tomarse a la ligera. En \u00faltima instancia, son amenazas sobre lo que el IRS puede hacer para afectarlo a usted y a su familia. \u00a1No esperes m\u00e1s, de lo contrario pronto se encontrar\u00e1 despojado de su  dinero o de sus posesiones! Podemos ayudarlo con estos avisos del IRS.<\/p>\n<h3><strong>Lea todos los avisos o cartas del IRS con mucho cuidado<\/strong><\/h3>\n<p>Por lo general, el IRS necesita una respuesta si no est\u00e1 de acuerdo con la informaci\u00f3n ha prove\u00eddo, si necesita informaci\u00f3n adicional o si usted tiene un saldo adeudado. Si el IRS cambi\u00f3 su declaraci\u00f3n de impuestos, compare la informaci\u00f3n que le proporcionan en el aviso o carta con la informaci\u00f3n en su declaraci\u00f3n original. Si el IRS recibe una declaraci\u00f3n y sospecha que es un robo de identidad, le pedir\u00e1 que verifique su identidad utilizando el sitio web proporcionado en la carta. Responda dentro del plazo requerido. Si el IRS solicita una respuesta dentro de un plazo espec\u00edfico, debe responder a tiempo para minimizar los intereses adicionales y los cargos por multas o para preservar sus derechos de apelaci\u00f3n si no est\u00e1 de acuerdo. Pague lo antes posible. Pague tanto como pueda, incluso si no puede pagar el monto total que debe. Puede pagar en l\u00ednea o solicitar un acuerdo de pago en l\u00ednea u Oferta en Compromiso. Si necesita ayuda, llame a La Compa\u00f1\u00eda de Ayuda de Impuestos de Confianza, OIC Tax Services.[\/vc_column_text][\/vc_column][\/vc_row]<\/p>\n<\/div>","protected":false},"excerpt":{"rendered":"<p>[vc_row][vc_column][vc_column_text]\u00bfEst\u00e1 recibiendo muchos avisos por correo del IRS? \u00bfNo est\u00e1 claro qu\u00e9 significan algunos de ellos? A veces hay duplicados de estos avisos del IRS, as\u00ed como documentos que entran en conflicto. Podemos ser sus traductores; echemos un vistazo a los documentos y le diremos exactamente lo que el IRS quiere de usted. Incluso podemos [&hellip;]<\/p>\n","protected":false},"author":1,"featured_media":585,"parent":975,"menu_order":0,"comment_status":"closed","ping_status":"closed","template":"","meta":{"footnotes":""},"class_list":["post-800","page","type-page","status-publish","has-post-thumbnail","hentry"],"_links":{"self":[{"href":"https:\/\/sanfrancisco.oictaxservices.com\/es\/wp-json\/wp\/v2\/pages\/800"}],"collection":[{"href":"https:\/\/sanfrancisco.oictaxservices.com\/es\/wp-json\/wp\/v2\/pages"}],"about":[{"href":"https:\/\/sanfrancisco.oictaxservices.com\/es\/wp-json\/wp\/v2\/types\/page"}],"author":[{"embeddable":true,"href":"https:\/\/sanfrancisco.oictaxservices.com\/es\/wp-json\/wp\/v2\/users\/1"}],"replies":[{"embeddable":true,"href":"https:\/\/sanfrancisco.oictaxservices.com\/es\/wp-json\/wp\/v2\/comments?post=800"}],"version-history":[{"count":3,"href":"https:\/\/sanfrancisco.oictaxservices.com\/es\/wp-json\/wp\/v2\/pages\/800\/revisions"}],"predecessor-version":[{"id":803,"href":"https:\/\/sanfrancisco.oictaxservices.com\/es\/wp-json\/wp\/v2\/pages\/800\/revisions\/803"}],"up":[{"embeddable":true,"href":"https:\/\/sanfrancisco.oictaxservices.com\/es\/wp-json\/wp\/v2\/pages\/975"}],"wp:featuredmedia":[{"embeddable":true,"href":"https:\/\/sanfrancisco.oictaxservices.com\/es\/wp-json\/wp\/v2\/media\/585"}],"wp:attachment":[{"href":"https:\/\/sanfrancisco.oictaxservices.com\/es\/wp-json\/wp\/v2\/media?parent=800"}],"curies":[{"name":"wp","href":"https:\/\/api.w.org\/{rel}","templated":true}]}}