{"id":790,"date":"2019-02-07T19:08:55","date_gmt":"2019-02-07T19:08:55","guid":{"rendered":"https:\/\/www.oictaxservices.com\/divorce-and-debt\/"},"modified":"2019-10-30T19:41:06","modified_gmt":"2019-10-30T19:41:06","slug":"divorcio-y-deudas","status":"publish","type":"page","link":"https:\/\/sanfrancisco.oictaxservices.com\/es\/problemas\/divorcio-y-deudas\/","title":{"rendered":"Divorcio y Deudas"},"content":{"rendered":"<div class=\"wpb-content-wrapper\"><p>[vc_row][vc_column][vc_column_text]\u00bfEst\u00e1 pasando por un divorcio o separaci\u00f3n legal pero le debe dinero al IRS? \u00bfSu divorcio est\u00e1 causando noches de insomnio y estr\u00e9s no deseado? El divorcio y la deuda afectar\u00e1n a ambas partes involucradas. Muchas veces, un c\u00f3nyuge se ve m\u00e1s afectado que el otro. Hay momentos en que el tribunal otorgar\u00e1 a una de las partes la libertad de cobro del IRS, mientras que la otra pagar\u00e1 los montos adeudados en su totalidad. \u00a1Incluso puede haber una situaci\u00f3n en la que una parte crea la deuda, mientras que la otra parte en el divorcio se espera que pague las consecuencias! No sea v\u00edctima del IRS durante un momento tan dif\u00edcil en su vida como el divorcio. \u00a1Lucharemos por usted! Hay tres tipos diferentes de programas de ayuda para c\u00f3nyuges inocentes para los que puede calificar. No intente manejar esto solo. Trabaje con profesionales que tienen la experiencia y el conocimiento para obtener los resultados que usted merece. El divorcio y la deuda son dif\u00edciles, estamos aqu\u00ed para ayudar.<\/p>\n<h3><strong>\u00a0Especialistas en Deudas Durante el Divorcio <\/strong><\/h3>\n<p>Lo \u00fanico que debe hacer para comenzar es contactar a los profesionales de OIC Tax. Cuanto antes realice esa llamada telef\u00f3nica es mejor,  podremos trabajar para encontrar una soluci\u00f3n a sus problemas de divorcio y deudas. OIC Tax tiene muchos a\u00f1os de experiencia en el tema del divorcio y la deuda. Estamos aqu\u00ed para guiarle. Lo m\u00e1s probable es que resolvamos la mejor situaci\u00f3n a su favor. Llame hoy a OIC Tax para programar su consulta GRATUITA. Conocer sus opciones y los programas disponibles para usted es el primer paso. Llame gratis al 916-331-2011.[\/vc_column_text][\/vc_column][\/vc_row]<\/p>\n<\/div>","protected":false},"excerpt":{"rendered":"<p>[vc_row][vc_column][vc_column_text]\u00bfEst\u00e1 pasando por un divorcio o separaci\u00f3n legal pero le debe dinero al IRS? \u00bfSu divorcio est\u00e1 causando noches de insomnio y estr\u00e9s no deseado? El divorcio y la deuda afectar\u00e1n a ambas partes involucradas. Muchas veces, un c\u00f3nyuge se ve m\u00e1s afectado que el otro. Hay momentos en que el tribunal otorgar\u00e1 a una [&hellip;]<\/p>\n","protected":false},"author":1,"featured_media":587,"parent":975,"menu_order":0,"comment_status":"closed","ping_status":"closed","template":"","meta":{"footnotes":""},"class_list":["post-790","page","type-page","status-publish","has-post-thumbnail","hentry"],"_links":{"self":[{"href":"https:\/\/sanfrancisco.oictaxservices.com\/es\/wp-json\/wp\/v2\/pages\/790"}],"collection":[{"href":"https:\/\/sanfrancisco.oictaxservices.com\/es\/wp-json\/wp\/v2\/pages"}],"about":[{"href":"https:\/\/sanfrancisco.oictaxservices.com\/es\/wp-json\/wp\/v2\/types\/page"}],"author":[{"embeddable":true,"href":"https:\/\/sanfrancisco.oictaxservices.com\/es\/wp-json\/wp\/v2\/users\/1"}],"replies":[{"embeddable":true,"href":"https:\/\/sanfrancisco.oictaxservices.com\/es\/wp-json\/wp\/v2\/comments?post=790"}],"version-history":[{"count":3,"href":"https:\/\/sanfrancisco.oictaxservices.com\/es\/wp-json\/wp\/v2\/pages\/790\/revisions"}],"predecessor-version":[{"id":793,"href":"https:\/\/sanfrancisco.oictaxservices.com\/es\/wp-json\/wp\/v2\/pages\/790\/revisions\/793"}],"up":[{"embeddable":true,"href":"https:\/\/sanfrancisco.oictaxservices.com\/es\/wp-json\/wp\/v2\/pages\/975"}],"wp:featuredmedia":[{"embeddable":true,"href":"https:\/\/sanfrancisco.oictaxservices.com\/es\/wp-json\/wp\/v2\/media\/587"}],"wp:attachment":[{"href":"https:\/\/sanfrancisco.oictaxservices.com\/es\/wp-json\/wp\/v2\/media?parent=790"}],"curies":[{"name":"wp","href":"https:\/\/api.w.org\/{rel}","templated":true}]}}