{"id":785,"date":"2019-02-07T19:07:36","date_gmt":"2019-02-07T19:07:36","guid":{"rendered":"https:\/\/www.oictaxservices.com\/bank-levy\/"},"modified":"2019-10-30T19:04:26","modified_gmt":"2019-10-30T19:04:26","slug":"embargo-bancario","status":"publish","type":"page","link":"https:\/\/sanfrancisco.oictaxservices.com\/es\/problemas\/embargo-bancario\/","title":{"rendered":"Embargo Bancario"},"content":{"rendered":"<div class=\"wpb-content-wrapper\"><p>[vc_row][vc_column][vc_column_text]Si tiene un embargo bancario por parte del IRS  \u00a1Podemos ayudarlo! El equipo de OIC TAX tiene una amplia experiencia en la negociaci\u00f3n exitosa de la liberaci\u00f3n de embargos bancarios del IRS. Si desea saber c\u00f3mo podemos ayudarlo, cont\u00e1ctenos hoy llamando al 916-331-2011 o complete nuestro formulario de consulta gratuita para un an\u00e1lisis confidencial gratuito. Un embargo por parte del  IRS puede ser muy estresante. Si no se maneja adecuadamente, afectar\u00e1 seriamente a usted y a su familia. Si un contribuyente ignora las demandas de pago, el IRS dar\u00e1 aviso legal de que recurrir\u00e1 a otros medios para cobrar la deuda tributaria. El IRS NO tiene que proporcionar ning\u00fan aviso adicional antes de comenzar la actividad de recolecci\u00f3n. El IRS tiene amplios poderes de cobro y no es ilegal que el IRS emita un embargo como un m\u00e9todo de cobro.<\/p>\n<h3><strong>Un Embargo Bancario es F\u00e1cil Para el IRS<\/strong><\/h3>\n<p>El IRS com\u00fanmente utiliza un embargo bancario como m\u00e9todo para recaudar impuestos atrasados del contribuyente. Es tan f\u00e1cil como que el IRS env\u00ede una carta al banco del contribuyente acompa\u00f1ada de un aviso de embargo que indique que se apoderar\u00e1n de la cuenta bancaria del contribuyente. El banco debe congelar todos los fondos del contribuyente y remitirlos al IRS. Un banco que ignore un embargo del IRS enfrentar\u00e1 serias sanciones. Todos los bancos siguen las instrucciones del IRS con respecto a un embargo. El IRS puede confiscar fondos de cualquier instituci\u00f3n, empresa o individuo que tenga fondos pertenecientes al contribuyente. Por ejemplo, el IRS puede confiscar fondos de una compa\u00f1\u00eda de servicios p\u00fablicos que tenga un dep\u00f3sito, una compa\u00f1\u00eda de dep\u00f3sitos, una compa\u00f1\u00eda de inversiones o incluso un corredor de bolsa. Este proceso de recaudaci\u00f3n bancaria es f\u00e1cil para el IRS.<\/p>\n<h3><strong>Podemos Ayudar con su Embargo Bancario<\/strong><\/h3>\n<p>Nuestro equipo de profesionales de impuestos ha detenido y negociado muchas situaciones de embargos bancarios para contribuyentes a los pocos d\u00edas de llamar a OIC Tax. Si desea detener un embargo bancario o buscar ayuda para negociar una situaci\u00f3n de embargo bancario, comun\u00edquese hoy con nuestra firma al 916-331-2011 o complete nuestro formulario de consulta gratuita para un an\u00e1lisis fiscal confidencial gratuito.<\/p>\n<p>Nuestros profesionales de impuestos mantienen su compromiso de ponerlo en una mejor situaci\u00f3n..[\/vc_column_text][\/vc_column][\/vc_row]<\/p>\n<\/div>","protected":false},"excerpt":{"rendered":"<p>[vc_row][vc_column][vc_column_text]Si tiene un embargo bancario por parte del IRS \u00a1Podemos ayudarlo! El equipo de OIC TAX tiene una amplia experiencia en la negociaci\u00f3n exitosa de la liberaci\u00f3n de embargos bancarios del IRS. Si desea saber c\u00f3mo podemos ayudarlo, cont\u00e1ctenos hoy llamando al 916-331-2011 o complete nuestro formulario de consulta gratuita para un an\u00e1lisis confidencial gratuito. [&hellip;]<\/p>\n","protected":false},"author":1,"featured_media":600,"parent":975,"menu_order":0,"comment_status":"closed","ping_status":"closed","template":"","meta":{"footnotes":""},"class_list":["post-785","page","type-page","status-publish","has-post-thumbnail","hentry"],"_links":{"self":[{"href":"https:\/\/sanfrancisco.oictaxservices.com\/es\/wp-json\/wp\/v2\/pages\/785"}],"collection":[{"href":"https:\/\/sanfrancisco.oictaxservices.com\/es\/wp-json\/wp\/v2\/pages"}],"about":[{"href":"https:\/\/sanfrancisco.oictaxservices.com\/es\/wp-json\/wp\/v2\/types\/page"}],"author":[{"embeddable":true,"href":"https:\/\/sanfrancisco.oictaxservices.com\/es\/wp-json\/wp\/v2\/users\/1"}],"replies":[{"embeddable":true,"href":"https:\/\/sanfrancisco.oictaxservices.com\/es\/wp-json\/wp\/v2\/comments?post=785"}],"version-history":[{"count":4,"href":"https:\/\/sanfrancisco.oictaxservices.com\/es\/wp-json\/wp\/v2\/pages\/785\/revisions"}],"predecessor-version":[{"id":789,"href":"https:\/\/sanfrancisco.oictaxservices.com\/es\/wp-json\/wp\/v2\/pages\/785\/revisions\/789"}],"up":[{"embeddable":true,"href":"https:\/\/sanfrancisco.oictaxservices.com\/es\/wp-json\/wp\/v2\/pages\/975"}],"wp:featuredmedia":[{"embeddable":true,"href":"https:\/\/sanfrancisco.oictaxservices.com\/es\/wp-json\/wp\/v2\/media\/600"}],"wp:attachment":[{"href":"https:\/\/sanfrancisco.oictaxservices.com\/es\/wp-json\/wp\/v2\/media?parent=785"}],"curies":[{"name":"wp","href":"https:\/\/api.w.org\/{rel}","templated":true}]}}