{"id":776,"date":"2019-02-07T19:09:39","date_gmt":"2019-02-07T19:09:39","guid":{"rendered":"https:\/\/www.oictaxservices.com\/back-taxes\/"},"modified":"2020-01-02T22:33:31","modified_gmt":"2020-01-02T22:33:31","slug":"impuestos-atrasados","status":"publish","type":"page","link":"https:\/\/sanfrancisco.oictaxservices.com\/es\/problemas\/impuestos-atrasados\/","title":{"rendered":"Impuestos Atrasados"},"content":{"rendered":"<div class=\"wpb-content-wrapper\"><p>[vc_row][vc_column][vc_column_text]<\/p>\n<h3><strong>Manejo de Impuestos Atrasados<\/strong><\/h3>\n<p>Tener que lidiar con impuestos atrasados es una situaci\u00f3n desafiante. Tener una deuda tributaria con el IRS puede agregarle un gran estr\u00e9s a su vida cotidiana. Esto es especialmente cierto si no puede pagar esa deuda. El inter\u00e9s y las multas aumentan constantemente el monto que debe, lo que hace que sea casi imposible pagar los impuestos atrasados. Las personas que trabajan por cuenta propia son especialmente vulnerables a la creaci\u00f3n de una deuda por impuestos atrasados con el IRS debido a la disciplina requerida para reservar dinero para el pago de impuestos durante todo el a\u00f1o. No importa cu\u00e1n grave sea su situaci\u00f3n de deuda tributaria con el IRS, tenemos la experiencia y conocimiento para ayudarlo. Tanto las personas como las empresas pueden obtener ayuda con sus impuestos atrasados. No maneje sus impuestos atrasados usted mismo, las leyes de impuestos cambian constantemente y necesitar\u00e1 la ayuda de un preparador de impuestos profesional. Obtenga la ayuda que necesita con los profesionales de OIC TAX.<\/p>\n<h3><strong> No Evite Impuestos Atrasados<\/strong><\/h3>\n<p>Si evita pagar impuestos atrasados, el IRS har\u00e1 cumplir los cobros. El IRS puede obligar a su empleador a embargar su salario y enviar porciones significativas de sus cheques al IRS. El estr\u00e9s le afectar\u00e1 mucho a usted y a su familia. La ayuda para su problema de impuestos atrasados puede consistir en muchas formas:<\/p>\n<ul>\n<li>Presentaci\u00f3n de declaraciones de impuestos atrasadas;<\/li>\n<li>Negociar con el IRS para establecer un plan de pago que usted pueda pagar;<\/li>\n<li>Establecer un estado No cobrable<\/li>\n<li>Presentar una Oferta en Compromiso para liquidar la deuda por un monto menor;<\/li>\n<\/ul>\n<p>Los profesionales de OIC TAX le ayudar\u00e1n a resolver su situaci\u00f3n de impuestos atrasados. No est\u00e1 solo. Lo guiaremos a encontrar la mejor soluci\u00f3n posible y personalizada de acuerdo a su situaci\u00f3n.<\/p>\n<p><strong>Para una consulta confidencial gratuita, ll\u00e1menos al 916-331-2011 o complete el\u00a0<a title=\"Contactanos\" href=\" \/contact\/\">formulario confidencial<\/a>\u00a0\u00a0y uno de nuestros profesionales de impuestos se comunicar\u00e1 con usted.<\/strong>[\/vc_column_text][\/vc_column][\/vc_row]<\/p>\n<\/div>","protected":false},"excerpt":{"rendered":"<p>[vc_row][vc_column][vc_column_text] Manejo de Impuestos Atrasados Tener que lidiar con impuestos atrasados es una situaci\u00f3n desafiante. Tener una deuda tributaria con el IRS puede agregarle un gran estr\u00e9s a su vida cotidiana. Esto es especialmente cierto si no puede pagar esa deuda. El inter\u00e9s y las multas aumentan constantemente el monto que debe, lo que hace [&hellip;]<\/p>\n","protected":false},"author":1,"featured_media":593,"parent":975,"menu_order":0,"comment_status":"closed","ping_status":"closed","template":"","meta":{"footnotes":""},"class_list":["post-776","page","type-page","status-publish","has-post-thumbnail","hentry"],"_links":{"self":[{"href":"https:\/\/sanfrancisco.oictaxservices.com\/es\/wp-json\/wp\/v2\/pages\/776"}],"collection":[{"href":"https:\/\/sanfrancisco.oictaxservices.com\/es\/wp-json\/wp\/v2\/pages"}],"about":[{"href":"https:\/\/sanfrancisco.oictaxservices.com\/es\/wp-json\/wp\/v2\/types\/page"}],"author":[{"embeddable":true,"href":"https:\/\/sanfrancisco.oictaxservices.com\/es\/wp-json\/wp\/v2\/users\/1"}],"replies":[{"embeddable":true,"href":"https:\/\/sanfrancisco.oictaxservices.com\/es\/wp-json\/wp\/v2\/comments?post=776"}],"version-history":[{"count":5,"href":"https:\/\/sanfrancisco.oictaxservices.com\/es\/wp-json\/wp\/v2\/pages\/776\/revisions"}],"predecessor-version":[{"id":1020,"href":"https:\/\/sanfrancisco.oictaxservices.com\/es\/wp-json\/wp\/v2\/pages\/776\/revisions\/1020"}],"up":[{"embeddable":true,"href":"https:\/\/sanfrancisco.oictaxservices.com\/es\/wp-json\/wp\/v2\/pages\/975"}],"wp:featuredmedia":[{"embeddable":true,"href":"https:\/\/sanfrancisco.oictaxservices.com\/es\/wp-json\/wp\/v2\/media\/593"}],"wp:attachment":[{"href":"https:\/\/sanfrancisco.oictaxservices.com\/es\/wp-json\/wp\/v2\/media?parent=776"}],"curies":[{"name":"wp","href":"https:\/\/api.w.org\/{rel}","templated":true}]}}