{"id":767,"date":"2019-02-07T19:11:28","date_gmt":"2019-02-07T19:11:28","guid":{"rendered":"https:\/\/www.oictaxservices.com\/soluciones\/wage-garnishment-assistance\/"},"modified":"2019-10-30T16:05:10","modified_gmt":"2019-10-30T16:05:10","slug":"ayuda-con-embargos-de-salario","status":"publish","type":"page","link":"https:\/\/sanfrancisco.oictaxservices.com\/es\/soluciones\/ayuda-con-embargos-de-salario\/","title":{"rendered":"Ayuda con Embargos de Salario"},"content":{"rendered":"<div class=\"wpb-content-wrapper\"><p>[vc_row][vc_column][vc_column_text]<\/p>\n<h3><strong>Embargos de Salarios del IRS<\/strong><\/h3>\n<p>\u00bfEl IRS est\u00e1 reteniendo dinero en su cheque de pago? Esto puede ponerlo a usted y a su familia en una mala situaci\u00f3n muy r\u00e1pidamente. Adem\u00e1s, puede afectar su trabajo ya que su empleador debe ser notificado de la situaci\u00f3n; se debe alertar al departamento de n\u00f3mina sobre c\u00f3mo manejar su dinero. \u00a1Ll\u00e1menos hoy antes de que sea demasiado tarde! Una vez que reciba su primer aviso por correo, ya sea un documento de Intenci\u00f3n de recaudar o una demanda de pago, podemos comenzar a trabajar para evitar que esto suceda. La negociaci\u00f3n formal con el IRS puede evitar que su vida cotidiana se vea afectada por la obligaci\u00f3n tributaria. Podemos ayudar con embargos salariales!<\/p>\n<h3><strong>\u00bfPor qu\u00e9 el IRS Hace Embargos Salariales?<\/strong><\/h3>\n<p>Hay varias razones por las cuales el IRS puede embargar su salario. Desde impuestos atrasados  y manutenci\u00f3n infantil no pagada, hasta pensi\u00f3n alimenticia o deuda de pr\u00e9stamos estudiantiles, cualquiera que sea la situaci\u00f3n, los embargos salariales son dif\u00edciles de manejar. Muchas leyes fiscales var\u00edan de estado a estado, por eso  es muy importante comprender las leyes espec\u00edficas de su estado. Si el embargo salarial han comenzado, el IRS puede tener derecho al 25 por ciento de su ingreso disponible o al monto que su ingreso exceda 30 veces el salario m\u00ednimo federal, lo que sea menor. Su ingreso disponible se establece restando las deducciones requeridas de su cheque de pago total. Las deducciones requeridas incluyen impuestos federales y estatales, impuestos estatales de seguro de desempleo, Seguro Social y deducciones de jubilaci\u00f3n requeridas. Las deducciones voluntarias, como el seguro de salud, las donaciones de caridad o los planes de ahorro, no son deducciones obligatorias. Si tiene un embargo salarial en efecto, llame hoy a los profesionales de OIC Tax Services. Queremos aliviarlo del estr\u00e9s y ayudarlo a retomar el camino.[\/vc_column_text][\/vc_column][\/vc_row]<\/p>\n<\/div>","protected":false},"excerpt":{"rendered":"<p>[vc_row][vc_column][vc_column_text] Embargos de Salarios del IRS \u00bfEl IRS est\u00e1 reteniendo dinero en su cheque de pago? Esto puede ponerlo a usted y a su familia en una mala situaci\u00f3n muy r\u00e1pidamente. Adem\u00e1s, puede afectar su trabajo ya que su empleador debe ser notificado de la situaci\u00f3n; se debe alertar al departamento de n\u00f3mina sobre c\u00f3mo [&hellip;]<\/p>\n","protected":false},"author":1,"featured_media":0,"parent":674,"menu_order":0,"comment_status":"closed","ping_status":"closed","template":"","meta":{"footnotes":""},"class_list":["post-767","page","type-page","status-publish","hentry"],"_links":{"self":[{"href":"https:\/\/sanfrancisco.oictaxservices.com\/es\/wp-json\/wp\/v2\/pages\/767"}],"collection":[{"href":"https:\/\/sanfrancisco.oictaxservices.com\/es\/wp-json\/wp\/v2\/pages"}],"about":[{"href":"https:\/\/sanfrancisco.oictaxservices.com\/es\/wp-json\/wp\/v2\/types\/page"}],"author":[{"embeddable":true,"href":"https:\/\/sanfrancisco.oictaxservices.com\/es\/wp-json\/wp\/v2\/users\/1"}],"replies":[{"embeddable":true,"href":"https:\/\/sanfrancisco.oictaxservices.com\/es\/wp-json\/wp\/v2\/comments?post=767"}],"version-history":[{"count":5,"href":"https:\/\/sanfrancisco.oictaxservices.com\/es\/wp-json\/wp\/v2\/pages\/767\/revisions"}],"predecessor-version":[{"id":775,"href":"https:\/\/sanfrancisco.oictaxservices.com\/es\/wp-json\/wp\/v2\/pages\/767\/revisions\/775"}],"up":[{"embeddable":true,"href":"https:\/\/sanfrancisco.oictaxservices.com\/es\/wp-json\/wp\/v2\/pages\/674"}],"wp:attachment":[{"href":"https:\/\/sanfrancisco.oictaxservices.com\/es\/wp-json\/wp\/v2\/media?parent=767"}],"curies":[{"name":"wp","href":"https:\/\/api.w.org\/{rel}","templated":true}]}}