{"id":762,"date":"2019-02-07T19:09:59","date_gmt":"2019-02-07T19:09:59","guid":{"rendered":"https:\/\/www.oictaxservices.com\/soluciones\/offer-in-compromise\/"},"modified":"2019-10-29T16:05:44","modified_gmt":"2019-10-29T16:05:44","slug":"oferta-en-compromiso","status":"publish","type":"page","link":"https:\/\/sanfrancisco.oictaxservices.com\/es\/soluciones\/oferta-en-compromiso\/","title":{"rendered":"Oferta en Compromiso"},"content":{"rendered":"<div class=\"wpb-content-wrapper\"><p>[vc_row][vc_column][vc_column_text]Si debe impuestos atrasados al IRS, puede liquidar la deuda tributaria por menos dinero con una Oferta en Compromiso. La Oferta en Compromiso del IRS puede ser la resoluci\u00f3n fiscal correcta del IRS que usted necesita. Es un acuerdo extrajudicial entre el IRS y el contribuyente que negocia una resoluci\u00f3n sobre la responsabilidad del contribuyente, mientras pone en espera los esfuerzos de cobro. En ciertas circunstancias, el Servicio de Impuestos Internos tiene la autoridad para liquidar o comprometer las obligaciones tributarias federales al aceptar pagos inferiores al total. Estas circunstancias son:<\/p>\n<ul>\n<li>Duda en cuanto a responsabilidad: existe la duda de que el impuesto evaluado es correcto.<\/li>\n<li>Duda en cuanto a la cobranza: existe la duda de que alguna vez pueda pagar el monto total del impuesto adeudado.<\/li>\n<li>Administraci\u00f3n tributaria efectiva: dificultades econ\u00f3micas que presentan pocas posibilidades de reembolso.<\/li>\n<\/ul>\n<p>Si usted es candidato para una Oferta en Compromiso y cumple con los criterios del IRS, nuestros veteranos profesionales de impuestos se comunicar\u00e1n con el IRS por usted y negociar\u00e1n su acuerdo de Oferta en Compromiso. Las negociaciones generalmente se centran en la valoraci\u00f3n adecuada de sus activos, informaci\u00f3n precisa sobre sus ingresos mensuales y gastos de subsistencia.<\/p>\n<h3><strong>OIC Significa Oferta en Compromiso<\/strong><\/h3>\n<p>OIC Tax tiene la ventaja de una perspectiva nacional con respecto al proceso de Oferta en Compromiso, debido a que tenemos experiencia y  casos activos en todos los Estados Unidos, lo que ayuda a eliminar la aplicaci\u00f3n incorrecta de la ley tributaria y evitar errores innecesarios al negociar los acuerdos de  Oferta en Compromiso. A trav\u00e9s de muchos a\u00f1os de experiencia y conocimiento de las pr\u00e1cticas y pol\u00edticas administrativas no publicadas del IRS, OIC Tax ha desarrollado una comprensi\u00f3n experta del proceso de Oferta en Compromiso, y debido a esto, hemos podido resolver los casos en las cantidades de pago m\u00e1s bajas que el IRS permitir\u00e1 a cada situaci\u00f3n de contribuyentes calificados. Esa informaci\u00f3n que tenemos sobre el proceso de Oferta en Compromiso nos permite minimizar la oportunidad que tiene el IRS de devolver una oferta sin resoluci\u00f3n.<\/p>\n<p> <strong>Para una consulta confidencial gratuita, ll\u00e1menos al 916-331-2011 o complete el\u00a0<a title=\"Contactanos\" href=\"\n\/contact\/\">formulario confidencial<\/a>\u00a0\u00a0y uno de nuestros profesionales de impuestos se comunicar\u00e1 con usted.<\/strong>[\/vc_column_text][\/vc_column][\/vc_row]<\/p>\n<\/div>","protected":false},"excerpt":{"rendered":"<p>[vc_row][vc_column][vc_column_text]Si debe impuestos atrasados al IRS, puede liquidar la deuda tributaria por menos dinero con una Oferta en Compromiso. La Oferta en Compromiso del IRS puede ser la resoluci\u00f3n fiscal correcta del IRS que usted necesita. Es un acuerdo extrajudicial entre el IRS y el contribuyente que negocia una resoluci\u00f3n sobre la responsabilidad del contribuyente, [&hellip;]<\/p>\n","protected":false},"author":1,"featured_media":0,"parent":674,"menu_order":0,"comment_status":"closed","ping_status":"closed","template":"","meta":{"footnotes":""},"class_list":["post-762","page","type-page","status-publish","hentry"],"_links":{"self":[{"href":"https:\/\/sanfrancisco.oictaxservices.com\/es\/wp-json\/wp\/v2\/pages\/762"}],"collection":[{"href":"https:\/\/sanfrancisco.oictaxservices.com\/es\/wp-json\/wp\/v2\/pages"}],"about":[{"href":"https:\/\/sanfrancisco.oictaxservices.com\/es\/wp-json\/wp\/v2\/types\/page"}],"author":[{"embeddable":true,"href":"https:\/\/sanfrancisco.oictaxservices.com\/es\/wp-json\/wp\/v2\/users\/1"}],"replies":[{"embeddable":true,"href":"https:\/\/sanfrancisco.oictaxservices.com\/es\/wp-json\/wp\/v2\/comments?post=762"}],"version-history":[{"count":4,"href":"https:\/\/sanfrancisco.oictaxservices.com\/es\/wp-json\/wp\/v2\/pages\/762\/revisions"}],"predecessor-version":[{"id":766,"href":"https:\/\/sanfrancisco.oictaxservices.com\/es\/wp-json\/wp\/v2\/pages\/762\/revisions\/766"}],"up":[{"embeddable":true,"href":"https:\/\/sanfrancisco.oictaxservices.com\/es\/wp-json\/wp\/v2\/pages\/674"}],"wp:attachment":[{"href":"https:\/\/sanfrancisco.oictaxservices.com\/es\/wp-json\/wp\/v2\/media?parent=762"}],"curies":[{"name":"wp","href":"https:\/\/api.w.org\/{rel}","templated":true}]}}