{"id":752,"date":"2019-02-07T19:11:16","date_gmt":"2019-02-07T19:11:16","guid":{"rendered":"https:\/\/www.oictaxservices.com\/soluciones\/itin-assistance\/"},"modified":"2019-12-19T22:35:02","modified_gmt":"2019-12-19T22:35:02","slug":"ayuda-con-el-itin","status":"publish","type":"page","link":"https:\/\/sanfrancisco.oictaxservices.com\/es\/soluciones\/ayuda-con-el-itin\/","title":{"rendered":"Ayuda con el ITIN"},"content":{"rendered":"<div class=\"wpb-content-wrapper\"><p>[vc_row][vc_column][vc_column_text]<\/p>\n<h3><strong>Necesitas Ayuda con el ITIN?<\/strong><\/h3>\n<p>\u00bfGana dinero en los Estados Unidos pero no califica para un N\u00famero de Seguro Social? OIC Tax puede ayudarlo a solicitar el N\u00famero de Identificaci\u00f3n de Contribuyente Individual (tambi\u00e9n conocido como ITIN, PIN, Identificaci\u00f3n fiscal o Identificaci\u00f3n del contribuyente). Un ITIN le servir\u00e1 como su n\u00famero de identificaci\u00f3n para presentar sus declaraciones de impuestos. Hay muchos otros beneficios al obtener su ITIN, se le permitir\u00e1 declarar sus impuestos y reclamar dependientes.<\/p>\n<h3><strong>Que es el ITIN?<\/strong><\/h3>\n<p>Un n\u00famero de identificaci\u00f3n de contribuyente individual (ITIN) es un n\u00famero de procesamiento de impuestos emitido por el Servicio de Impuestos Internos (IRS). Es un n\u00famero de nueve d\u00edgitos que siempre comienza con el n\u00famero 9 y tiene un rango de 70-88 en el cuarto y quinto d\u00edgito. A partir del <strong> 12 de abril de 2011, <\/strong> el rango se ampli\u00f3 para incluir 900-70-0000 hasta 999-88-9999, 900-90-0000 hasta 999-92-9999 y 900-94-0000 hasta 999 -99-9999. El IRS emite ITIN a las personas que deben tener un n\u00famero de identificaci\u00f3n de contribuyente en E.U. pero que no lo tienen y no son elegibles para obtener un N\u00famero de Seguro Social de la Administraci\u00f3n del Seguro Social. Los ITIN se emiten independientemente del estado de inmigraci\u00f3n porque tanto los extranjeros residentes como los no residentes pueden ser requeridos a hacer una declaraci\u00f3n fiscal en E.U seg\u00fan el C\u00f3digo de Rentas Internas. Las personas deben tener un requisito de presentaci\u00f3n y presentar una declaraci\u00f3n de impuestos federales v\u00e1lida para recibir un ITIN, a menos que cumplan con una excepci\u00f3n.<\/p>\n<h3><strong>Para que se usa un ITIN?<\/strong><\/h3>\n<p>Los ITIN son solo para informes de impuestos federales y no est\u00e1n destinados a servir a ning\u00fan otro prop\u00f3sito. El IRS emite ITIN para ayudar a las personas a cumplir con las leyes fiscales de los E.U. y para proporcionar un medio para procesar y contabilizar de manera eficiente las declaraciones de impuestos y los pagos para aquellos que no son elegibles para un N\u00famero de Seguro Social. Un ITIN no autoriza trabajo en los E.U. ni brinda elegibilidad para beneficios del Seguro Social o al Cr\u00e9dito Tributario por Ingreso del Trabajo. El IRS emite ITIN a los ciudadanos extranjeros y a otras personas que tienen requisitos de presentaci\u00f3n o declaraci\u00f3n de impuestos federales y no califican para un N\u00famero de Seguro Social. Una persona extranjera, no residente, no elegible para un n\u00famero de seguro social que debe presentar una declaraci\u00f3n de impuestos en E.U. solo para reclamar un reembolso de impuestos seg\u00fan las disposiciones de un tratado fiscal de los E.U. necesita un ITIN.<\/p>\n<p>Visita el IRS directamente para solicitar un ITIN dando clic <a href=\"https:\/\/www.irs.gov\/es\/credits-deductions\/individuals\/how-do-i-apply-for-an-itin\" target=\"_blank\" rel=\"noopener noreferrer\">AQU\u00cd<\/a><\/p>\n<div class=\"small-hero-section\">\n<p><strong>Para una consulta confidencial gratuita, ll\u00e1menos al 916-331-2011 o complete el\u00a0<a title=\"Contactanos\" href=\" \/contact\/\">formulario confidencial<\/a>\u00a0\u00a0y uno de nuestros profesionales de impuestos se comunicar\u00e1 con usted.<\/strong><\/p>\n<\/div>\n<p>[\/vc_column_text][\/vc_column][\/vc_row]<\/p>\n<\/div>","protected":false},"excerpt":{"rendered":"<p>[vc_row][vc_column][vc_column_text] Necesitas Ayuda con el ITIN? \u00bfGana dinero en los Estados Unidos pero no califica para un N\u00famero de Seguro Social? OIC Tax puede ayudarlo a solicitar el N\u00famero de Identificaci\u00f3n de Contribuyente Individual (tambi\u00e9n conocido como ITIN, PIN, Identificaci\u00f3n fiscal o Identificaci\u00f3n del contribuyente). Un ITIN le servir\u00e1 como su n\u00famero de identificaci\u00f3n para [&hellip;]<\/p>\n","protected":false},"author":1,"featured_media":0,"parent":674,"menu_order":0,"comment_status":"closed","ping_status":"closed","template":"","meta":{"footnotes":""},"class_list":["post-752","page","type-page","status-publish","hentry"],"_links":{"self":[{"href":"https:\/\/sanfrancisco.oictaxservices.com\/es\/wp-json\/wp\/v2\/pages\/752"}],"collection":[{"href":"https:\/\/sanfrancisco.oictaxservices.com\/es\/wp-json\/wp\/v2\/pages"}],"about":[{"href":"https:\/\/sanfrancisco.oictaxservices.com\/es\/wp-json\/wp\/v2\/types\/page"}],"author":[{"embeddable":true,"href":"https:\/\/sanfrancisco.oictaxservices.com\/es\/wp-json\/wp\/v2\/users\/1"}],"replies":[{"embeddable":true,"href":"https:\/\/sanfrancisco.oictaxservices.com\/es\/wp-json\/wp\/v2\/comments?post=752"}],"version-history":[{"count":5,"href":"https:\/\/sanfrancisco.oictaxservices.com\/es\/wp-json\/wp\/v2\/pages\/752\/revisions"}],"predecessor-version":[{"id":950,"href":"https:\/\/sanfrancisco.oictaxservices.com\/es\/wp-json\/wp\/v2\/pages\/752\/revisions\/950"}],"up":[{"embeddable":true,"href":"https:\/\/sanfrancisco.oictaxservices.com\/es\/wp-json\/wp\/v2\/pages\/674"}],"wp:attachment":[{"href":"https:\/\/sanfrancisco.oictaxservices.com\/es\/wp-json\/wp\/v2\/media?parent=752"}],"curies":[{"name":"wp","href":"https:\/\/api.w.org\/{rel}","templated":true}]}}