{"id":747,"date":"2019-02-07T19:10:24","date_gmt":"2019-02-07T19:10:24","guid":{"rendered":"https:\/\/www.oictaxservices.com\/soluciones\/irs-audit-help\/"},"modified":"2019-11-04T18:26:03","modified_gmt":"2019-11-04T18:26:03","slug":"ayuda-con-auditorias-del-irs","status":"publish","type":"page","link":"https:\/\/sanfrancisco.oictaxservices.com\/es\/soluciones\/ayuda-con-auditorias-del-irs\/","title":{"rendered":"Ayuda con Auditor\u00edas del IRS"},"content":{"rendered":"<div class=\"wpb-content-wrapper\"><p>[vc_row][vc_column][vc_column_text]<\/p>\n<h3><strong>Ayuda con Auditor\u00edas del IRS<\/strong><\/h3>\n<p>\u00bfEst\u00e1 lidiando con una auditor\u00eda del IRS? \u00bfAcaba de recibir un aviso que indica que sus impuestos est\u00e1n siendo auditados? Tener una auditor\u00eda del IRS no es un gran problema, a menos que sus impuestos se hayan presentado incorrectamente. Si este es el caso, la auditor\u00eda puede ser un dolor de cabeza y al final le costar\u00e1 m\u00e1s dinero. El IRS, a trav\u00e9s de un procedimiento contable, auditar\u00e1 y examinar\u00e1 sus impuestos para asegurarse de que haya presentado sus declaraciones de impuestos correctamente. Si demuestra que su devoluci\u00f3n fue precisa y completa, el IRS no le pedir\u00e1 nada m\u00e1s. Si sus devoluciones tuvieron errores o informaci\u00f3n fraudulenta, deber\u00e1 pagar el monto recalculado m\u00e1s cualquier inter\u00e9s incurrido.<\/p>\n<h3><strong>\u00bfEl IRS se comunica con un contribuyente por correo electr\u00f3nico para iniciar una auditor\u00eda?<\/strong><\/h3>\n<p>El IRS no contacta a un individuo por correo electr\u00f3nico para una cita inicial. El contacto relacionado con ser seleccionado para una auditor\u00eda se realizar\u00e1 solo por tel\u00e9fono o correo, debido a los requisitos de divulgaci\u00f3n. Si se le solicita una auditor\u00eda del IRS por correo electr\u00f3nico, no es real. No env\u00ede ninguna informaci\u00f3n personal al correo electr\u00f3nico.<\/p>\n<h3><strong>\u00bfLa presentaci\u00f3n de una declaraci\u00f3n modificada afecta el proceso de selecci\u00f3n de la declaraci\u00f3n?<\/strong><\/h3>\n<p>La presentaci\u00f3n de una declaraci\u00f3n enmendada no afecta el proceso de selecci\u00f3n de la declaraci\u00f3n original. Sin embargo, las devoluciones enmendadas tambi\u00e9n pasan por un proceso de selecci\u00f3n y la devoluci\u00f3n enmendada puede seleccionarse para auditor\u00eda.<\/p>\n<h3><strong>\u00bfPor qu\u00e9 se seleccion\u00f3 mi declaraci\u00f3n para una auditor\u00eda del IRS?<\/strong><\/h3>\n<p>Cuando se presentan las declaraciones, se comparan con las \u00abnormas\u00bb para declaraciones similares. Las \u00abnormas\u00bb se desarrollan a partir de auditor\u00edas de una muestra aleatoria de retornos estad\u00edsticamente v\u00e1lida. Estas declaraciones se seleccionan como parte del Programa Nacional de Investigaci\u00f3n que el IRS lleva a cabo para actualizar la informaci\u00f3n de selecci\u00f3n de declaraciones.<\/p>\n<p><strong>Para una consulta confidencial gratuita, ll\u00e1menos al 916-331-2011 o complete el\u00a0<a title=\"Contactanos\" href=\"\n\/contact\/\">formulario confidencial<\/a>\u00a0\u00a0y uno de nuestros profesionales de impuestos se comunicar\u00e1 con usted.<\/strong>[\/vc_column_text][\/vc_column][\/vc_row]<\/p>\n<\/div>","protected":false},"excerpt":{"rendered":"<p>[vc_row][vc_column][vc_column_text] Ayuda con Auditor\u00edas del IRS \u00bfEst\u00e1 lidiando con una auditor\u00eda del IRS? \u00bfAcaba de recibir un aviso que indica que sus impuestos est\u00e1n siendo auditados? Tener una auditor\u00eda del IRS no es un gran problema, a menos que sus impuestos se hayan presentado incorrectamente. Si este es el caso, la auditor\u00eda puede ser un [&hellip;]<\/p>\n","protected":false},"author":1,"featured_media":0,"parent":674,"menu_order":0,"comment_status":"closed","ping_status":"closed","template":"","meta":{"footnotes":""},"class_list":["post-747","page","type-page","status-publish","hentry"],"_links":{"self":[{"href":"https:\/\/sanfrancisco.oictaxservices.com\/es\/wp-json\/wp\/v2\/pages\/747"}],"collection":[{"href":"https:\/\/sanfrancisco.oictaxservices.com\/es\/wp-json\/wp\/v2\/pages"}],"about":[{"href":"https:\/\/sanfrancisco.oictaxservices.com\/es\/wp-json\/wp\/v2\/types\/page"}],"author":[{"embeddable":true,"href":"https:\/\/sanfrancisco.oictaxservices.com\/es\/wp-json\/wp\/v2\/users\/1"}],"replies":[{"embeddable":true,"href":"https:\/\/sanfrancisco.oictaxservices.com\/es\/wp-json\/wp\/v2\/comments?post=747"}],"version-history":[{"count":4,"href":"https:\/\/sanfrancisco.oictaxservices.com\/es\/wp-json\/wp\/v2\/pages\/747\/revisions"}],"predecessor-version":[{"id":869,"href":"https:\/\/sanfrancisco.oictaxservices.com\/es\/wp-json\/wp\/v2\/pages\/747\/revisions\/869"}],"up":[{"embeddable":true,"href":"https:\/\/sanfrancisco.oictaxservices.com\/es\/wp-json\/wp\/v2\/pages\/674"}],"wp:attachment":[{"href":"https:\/\/sanfrancisco.oictaxservices.com\/es\/wp-json\/wp\/v2\/media?parent=747"}],"curies":[{"name":"wp","href":"https:\/\/api.w.org\/{rel}","templated":true}]}}