{"id":742,"date":"2019-02-07T19:12:04","date_gmt":"2019-02-07T19:12:04","guid":{"rendered":"https:\/\/www.oictaxservices.com\/soluciones\/installment-agreements\/"},"modified":"2019-10-28T22:02:33","modified_gmt":"2019-10-28T22:02:33","slug":"acuerdos-de-pago-a-plazos","status":"publish","type":"page","link":"https:\/\/sanfrancisco.oictaxservices.com\/es\/soluciones\/acuerdos-de-pago-a-plazos\/","title":{"rendered":"Acuerdos de Pago a Plazos"},"content":{"rendered":"<div class=\"wpb-content-wrapper\"><p>[vc_row][vc_column][vc_column_text]<\/p>\n<h3><strong>OIC Tax Services trabaja duro para obtener Acuerdos de Pago a Plazos<\/strong><\/h3>\n<p>Ya sea que lo llame un acuerdo de pago a plazos, un acuerdo de pago, una opci\u00f3n de pago o un plan de pago, la idea es la misma, usted realiza los pagos del impuesto que adeuda. Si est\u00e1 buscando negociar acuerdos de pago a plazos para su deuda tributaria, cont\u00e1ctenos hoy al 855.5.IRS.PRO o complete nuestro formulario de consulta gratuita para un an\u00e1lisis tributario confidencial gratuito.<\/p>\n<p>Es muy importante contratar una empresa que tenga agentes y abogados cuando intente establecer acuerdos de pago con el IRS. Muchas veces, cuando un contribuyente intenta establecer acuerdos de pago con el IRS directamente, se encuentra con una situaci\u00f3n en la que el IRS quiere cobrar el monto total de los impuestos lo m\u00e1s r\u00e1pido posible cuando el contribuyente simplemente quiere un pago que sea razonable y asequible para su situaci\u00f3n particular. Lo que generalmente sucede es que terminan con pagos mensuales mayores de lo que pueden pagar, esto causa dificultades financieras. Por lo tanto, es imprescindible contratar una empresa con un equipo de profesionales de impuestos para establecer adecuadamente un buen plan de pago con el IRS que se ajuste a su presupuesto. <\/p>\n<p>El IRS detiene sus esfuerzos de cobro y deja de emitir embargos salariales una vez que se han establecido los Acuerdos de Pago a Plazos. Si no puede pagar sus impuestos atrasados por completo y siente que no califica para una oferta en compromiso, entonces un buen acuerdo de pago puede ser la mejor alternativa. Hemos estado trabajando con el IRS para establecer acuerdos de pagos durante mucho tiempo. Somos la Compa\u00f1\u00eda de Ayuda de Impuestos de Confianza.<\/p>\n<p><strong>Para una consulta confidencial gratuita, ll\u00e1menos al 916-331-2011 o complete el\u00a0<a title=\"Contactanos\" href=\"\n\/contact\/\">formulario confidencial<\/a>\u00a0\u00a0y uno de nuestros profesionales de impuestos se comunicar\u00e1 con usted.<\/strong>[\/vc_column_text][\/vc_column][\/vc_row]<\/p>\n<\/div>","protected":false},"excerpt":{"rendered":"<p>[vc_row][vc_column][vc_column_text] OIC Tax Services trabaja duro para obtener Acuerdos de Pago a Plazos Ya sea que lo llame un acuerdo de pago a plazos, un acuerdo de pago, una opci\u00f3n de pago o un plan de pago, la idea es la misma, usted realiza los pagos del impuesto que adeuda. Si est\u00e1 buscando negociar acuerdos [&hellip;]<\/p>\n","protected":false},"author":1,"featured_media":0,"parent":674,"menu_order":0,"comment_status":"closed","ping_status":"closed","template":"","meta":{"footnotes":""},"class_list":["post-742","page","type-page","status-publish","hentry"],"_links":{"self":[{"href":"https:\/\/sanfrancisco.oictaxservices.com\/es\/wp-json\/wp\/v2\/pages\/742"}],"collection":[{"href":"https:\/\/sanfrancisco.oictaxservices.com\/es\/wp-json\/wp\/v2\/pages"}],"about":[{"href":"https:\/\/sanfrancisco.oictaxservices.com\/es\/wp-json\/wp\/v2\/types\/page"}],"author":[{"embeddable":true,"href":"https:\/\/sanfrancisco.oictaxservices.com\/es\/wp-json\/wp\/v2\/users\/1"}],"replies":[{"embeddable":true,"href":"https:\/\/sanfrancisco.oictaxservices.com\/es\/wp-json\/wp\/v2\/comments?post=742"}],"version-history":[{"count":4,"href":"https:\/\/sanfrancisco.oictaxservices.com\/es\/wp-json\/wp\/v2\/pages\/742\/revisions"}],"predecessor-version":[{"id":750,"href":"https:\/\/sanfrancisco.oictaxservices.com\/es\/wp-json\/wp\/v2\/pages\/742\/revisions\/750"}],"up":[{"embeddable":true,"href":"https:\/\/sanfrancisco.oictaxservices.com\/es\/wp-json\/wp\/v2\/pages\/674"}],"wp:attachment":[{"href":"https:\/\/sanfrancisco.oictaxservices.com\/es\/wp-json\/wp\/v2\/media?parent=742"}],"curies":[{"name":"wp","href":"https:\/\/api.w.org\/{rel}","templated":true}]}}