{"id":730,"date":"2019-02-07T19:11:40","date_gmt":"2019-02-07T19:11:40","guid":{"rendered":"https:\/\/www.oictaxservices.com\/soluciones\/innocent-spouse-relief\/"},"modified":"2019-10-25T21:26:04","modified_gmt":"2019-10-25T21:26:04","slug":"ayuda-al-conyuge-inocente","status":"publish","type":"page","link":"https:\/\/sanfrancisco.oictaxservices.com\/es\/soluciones\/ayuda-al-conyuge-inocente\/","title":{"rendered":"Ayuda al C\u00f3nyuge Inocente"},"content":{"rendered":"<div class=\"wpb-content-wrapper\"><p>[vc_row][vc_column][vc_column_text]<\/p>\n<h3><strong>Que es la Ayuda al C\u00f3nyuge Inocente?<\/strong><\/h3>\n<p>\u00bfSab\u00eda que si usted est\u00e1 casado y presenta una declaraci\u00f3n de impuestos conjunta, ambos son igualmente responsables de la informaci\u00f3n y del pago de los impuestos correspondientes? Sin embargo, un c\u00f3nyuge puede ser absuelto de todos los impuestos, intereses y multas del IRS si se cumplen ciertos criterios. Esto se conoce como ayuda al c\u00f3nyuge inocente. Hay tres tipos de ayuda disponibles para las personas que se encuentran en esta situaci\u00f3n y que pueden calificar: ayuda del c\u00f3nyuge inocente, alivio por separaci\u00f3n de responsabilidad y alivio equitativo.<\/p>\n<p>Las siguientes condiciones determinar\u00e1n si usted califica para la Ayuda al C\u00f3nyuge Inocente:<\/p>\n<li>Usted present\u00f3 una declaraci\u00f3n conjunta.<\/li>\n<li>Hay un impuesto que no se informa en la declaraci\u00f3n debido a \u00abelementos err\u00f3neos\u00bb de su c\u00f3nyuge o ex-c\u00f3nyuge.<\/li>\n<li>Puede demostrar que cuando firm\u00f3 la declaraci\u00f3n conjunta no sab\u00eda y no ten\u00eda raz\u00f3n de saber que exist\u00eda el impuesto mal informado (o la medida en que exist\u00eda el impuesto mal informado).<\/li>\n<li>Teniendo en cuenta todos los hechos y circunstancias, ser\u00eda injusto responsabilizarlo por el impuesto subestimado.<\/li>\n<\/ol>\n<p>Si tiene ingresos insuficientemente declarados o una deducci\u00f3n incorrecta, cr\u00e9dito o base incorrecta, esto es lo que el IRS considera \u00abart\u00edculos err\u00f3neos\u00bb. Si la cantidad que el IRS est\u00e1 tratando de cobrarle proviene de un saldo de devoluci\u00f3n original adeudado (un impuesto mal pagado), entonces la ayuda para el conyugue inocente no aplica para usted. Es muy importante trabajar con profesionales que entiendan las leyes. OIC Tax Services es la compa\u00f1\u00eda de Impuestos de Confianza. Trabajamos duro para obtener los resultados que usted merece.<\/p>\n<p>En virtud de la exenci\u00f3n por separaci\u00f3n de responsabilidad, usted asigna (separa) la subestimaci\u00f3n de impuestos (m\u00e1s intereses y sanciones) en su declaraci\u00f3n conjunta entre usted y su c\u00f3nyuge (o ex c\u00f3nyuge). La subestimaci\u00f3n de los impuestos que se le asignan generalmente es la cantidad de la que usted es responsable. La ayuda por separaci\u00f3n de responsabilidad solo se aplica a las subestimaciones de su impuesto. No se permiten reembolsos.<\/p>\n<p>Para calificar para la ayuda por separaci\u00f3n de responsabilidad, ya no debe estar casado, debe estar separado legalmente de su c\u00f3nyuge  o no haber sido miembro del mismo hogar que su c\u00f3nyuge durante el per\u00edodo de 12 meses que finaliza en la fecha de presentaci\u00f3n de solicitud de ayuda. Este tipo de ayuda est\u00e1 disponible solo para un impuesto subestimado (no en un saldo de devoluci\u00f3n original).<\/p>\n<p>A diferencia de la exenci\u00f3n del c\u00f3nyuge inocente o la separaci\u00f3n de la responsabilidad, puede obtener una exenci\u00f3n equitativa de una subestimaci\u00f3n de impuestos. Un pago insuficiente de impuestos es una cantidad de impuestos que inform\u00f3 correctamente en su declaraci\u00f3n pero que no ha pagado. Sabemos que esto puede ser abrumador y un poco confuso, pero nuestros profesionales de impuestos tienen a\u00f1os de experiencia manejando la ayuda para el c\u00f3nyuge inocente.<\/p>\n<p><strong>Para una consulta confidencial gratuita, ll\u00e1menos al 916-331-2011 o complete el\u00a0<a title=\"Contactanos\" href=\"\n\/contact\/\">formulario confidencial<\/a>\u00a0\u00a0y uno de nuestros profesionales de impuestos se comunicar\u00e1 con usted.[\/vc_column_text][\/vc_column][\/vc_row]<\/p>\n<\/div>","protected":false},"excerpt":{"rendered":"<p>[vc_row][vc_column][vc_column_text] Que es la Ayuda al C\u00f3nyuge Inocente? \u00bfSab\u00eda que si usted est\u00e1 casado y presenta una declaraci\u00f3n de impuestos conjunta, ambos son igualmente responsables de la informaci\u00f3n y del pago de los impuestos correspondientes? Sin embargo, un c\u00f3nyuge puede ser absuelto de todos los impuestos, intereses y multas del IRS si se cumplen ciertos [&hellip;]<\/p>\n","protected":false},"author":1,"featured_media":0,"parent":674,"menu_order":0,"comment_status":"closed","ping_status":"closed","template":"","meta":{"footnotes":""},"class_list":["post-730","page","type-page","status-publish","hentry"],"_links":{"self":[{"href":"https:\/\/sanfrancisco.oictaxservices.com\/es\/wp-json\/wp\/v2\/pages\/730"}],"collection":[{"href":"https:\/\/sanfrancisco.oictaxservices.com\/es\/wp-json\/wp\/v2\/pages"}],"about":[{"href":"https:\/\/sanfrancisco.oictaxservices.com\/es\/wp-json\/wp\/v2\/types\/page"}],"author":[{"embeddable":true,"href":"https:\/\/sanfrancisco.oictaxservices.com\/es\/wp-json\/wp\/v2\/users\/1"}],"replies":[{"embeddable":true,"href":"https:\/\/sanfrancisco.oictaxservices.com\/es\/wp-json\/wp\/v2\/comments?post=730"}],"version-history":[{"count":5,"href":"https:\/\/sanfrancisco.oictaxservices.com\/es\/wp-json\/wp\/v2\/pages\/730\/revisions"}],"predecessor-version":[{"id":735,"href":"https:\/\/sanfrancisco.oictaxservices.com\/es\/wp-json\/wp\/v2\/pages\/730\/revisions\/735"}],"up":[{"embeddable":true,"href":"https:\/\/sanfrancisco.oictaxservices.com\/es\/wp-json\/wp\/v2\/pages\/674"}],"wp:attachment":[{"href":"https:\/\/sanfrancisco.oictaxservices.com\/es\/wp-json\/wp\/v2\/media?parent=730"}],"curies":[{"name":"wp","href":"https:\/\/api.w.org\/{rel}","templated":true}]}}