{"id":725,"date":"2019-02-07T19:10:37","date_gmt":"2019-02-07T19:10:37","guid":{"rendered":"https:\/\/www.oictaxservices.com\/soluciones\/federal-or-state-tax-returns\/"},"modified":"2019-10-25T20:17:11","modified_gmt":"2019-10-25T20:17:11","slug":"declaraciones-de-impuestos-federales-o-estatales","status":"publish","type":"page","link":"https:\/\/sanfrancisco.oictaxservices.com\/es\/soluciones\/declaraciones-de-impuestos-federales-o-estatales\/","title":{"rendered":"Declaraciones de Impuestos Federales o Estatales"},"content":{"rendered":"<div class=\"wpb-content-wrapper\"><p>[vc_row][vc_column][vc_column_text]<\/p>\n<h3><strong>Declaraciones de Impuestos<\/strong><\/h3>\n<p><b>Las Declaraciones de Impuestos<\/b>\u00a0deben presentarse cada a\u00f1o para una persona o empresa que recibi\u00f3 ingresos durante el a\u00f1o, ya sea a trav\u00e9s de ingresos regulares, inter\u00e9s, dividendos, ganancias de capital u otras ganancias. Tambi\u00e9n se debe presentar anualmente una declaraci\u00f3n de impuestos pagados en exceso durante un a\u00f1o fiscal determinado, mejor conocida como reembolso de impuestos. Si necesita presentar impuestos atrasados y no est\u00e1 seguro de d\u00f3nde comenzar, los profesionales en servicios de impuestos de OIC TAX Services est\u00e1n aqu\u00ed para ayudarlo con sus declaraciones. Tenemos muchos a\u00f1os de experiencia. Llame a OIC Tax Services para agendar su consulta confidencial GRATUITA. Actualice sus declaraciones de impuestos y comience a avanzar en sus finanzas. Ya sea que necesite ayuda con sus declaraciones de impuestos federales o estatales, podemos ayudarlo. Deje de perder el sue\u00f1o.<\/p>\n<h3><strong>Actualice sus Declaraciones de Impuestos<\/strong><\/h3>\n<p>Aunque la negociaci\u00f3n es el comienzo de resolver cualquier problema pendiente con el IRS, esto no puede ocurrir hasta que se presenten todas las declaraciones de impuestos pasadas y presentes. Esto puede ser bastante abrumador y aterrador, especialmente si est\u00e1 atrasado. Pueden surgir preguntas; una de las principales es, \u00ab\u00bfD\u00f3nde empiezo?\u00bb Nuestro equipo de impuestos OIC TAX puede ayudar a responder estas preguntas y llevarlo por el camino correcto. Es vital hacer esto lo antes posible para evitar cualquier da\u00f1o financiero adicional que pueda afectar su futuro inmediato. OIC Tax Services es La Compa\u00f1\u00eda de Impuestos de Confianza cuando se trata de presentar declaraciones de impuestos. Nos aseguraremos de que sus declaraciones de impuestos sean exhaustivas y correctas. OIC Tax Services est\u00e1 aqu\u00ed para ayudarle con su declaraci\u00f3n de impuestos. Ll\u00e1menos hoy.[\/vc_column_text][\/vc_column][\/vc_row]<\/p>\n<\/div>","protected":false},"excerpt":{"rendered":"<p>[vc_row][vc_column][vc_column_text] Declaraciones de Impuestos Las Declaraciones de Impuestos\u00a0deben presentarse cada a\u00f1o para una persona o empresa que recibi\u00f3 ingresos durante el a\u00f1o, ya sea a trav\u00e9s de ingresos regulares, inter\u00e9s, dividendos, ganancias de capital u otras ganancias. Tambi\u00e9n se debe presentar anualmente una declaraci\u00f3n de impuestos pagados en exceso durante un a\u00f1o fiscal determinado, mejor [&hellip;]<\/p>\n","protected":false},"author":1,"featured_media":0,"parent":674,"menu_order":0,"comment_status":"closed","ping_status":"closed","template":"","meta":{"footnotes":""},"class_list":["post-725","page","type-page","status-publish","hentry"],"_links":{"self":[{"href":"https:\/\/sanfrancisco.oictaxservices.com\/es\/wp-json\/wp\/v2\/pages\/725"}],"collection":[{"href":"https:\/\/sanfrancisco.oictaxservices.com\/es\/wp-json\/wp\/v2\/pages"}],"about":[{"href":"https:\/\/sanfrancisco.oictaxservices.com\/es\/wp-json\/wp\/v2\/types\/page"}],"author":[{"embeddable":true,"href":"https:\/\/sanfrancisco.oictaxservices.com\/es\/wp-json\/wp\/v2\/users\/1"}],"replies":[{"embeddable":true,"href":"https:\/\/sanfrancisco.oictaxservices.com\/es\/wp-json\/wp\/v2\/comments?post=725"}],"version-history":[{"count":4,"href":"https:\/\/sanfrancisco.oictaxservices.com\/es\/wp-json\/wp\/v2\/pages\/725\/revisions"}],"predecessor-version":[{"id":729,"href":"https:\/\/sanfrancisco.oictaxservices.com\/es\/wp-json\/wp\/v2\/pages\/725\/revisions\/729"}],"up":[{"embeddable":true,"href":"https:\/\/sanfrancisco.oictaxservices.com\/es\/wp-json\/wp\/v2\/pages\/674"}],"wp:attachment":[{"href":"https:\/\/sanfrancisco.oictaxservices.com\/es\/wp-json\/wp\/v2\/media?parent=725"}],"curies":[{"name":"wp","href":"https:\/\/api.w.org\/{rel}","templated":true}]}}