{"id":719,"date":"2019-02-07T19:10:13","date_gmt":"2019-02-07T19:10:13","guid":{"rendered":"https:\/\/www.oictaxservices.com\/soluciones\/delinquent-filing-back-taxes\/"},"modified":"2019-10-25T19:48:31","modified_gmt":"2019-10-25T19:48:31","slug":"declaraciones-atrasadas-impuestos-atrasados","status":"publish","type":"page","link":"https:\/\/sanfrancisco.oictaxservices.com\/es\/soluciones\/declaraciones-atrasadas-impuestos-atrasados\/","title":{"rendered":"Declaraciones Atrasadas \/ Impuestos Atrasados"},"content":{"rendered":"<div class=\"wpb-content-wrapper\"><p>[vc_row][vc_column][vc_column_text]<\/p>\n<h3><strong>Manejo de Impuestos Atrasados<\/strong><\/h3>\n<p>Tener que lidiar con impuestos atrasados es una situaci\u00f3n aterradora. Tener una deuda tributaria con el IRS puede agregarle un gran estr\u00e9s a su vida cotidiana. Especialmente si no puede pagar esa deuda tributaria. Los intereses y las multas se suman constantemente a la cantidad que debe, lo que hace que sea casi imposible pagar los impuestos atrasados. Las personas que trabajan por cuenta propia son especialmente vulnerables a la creaci\u00f3n de una obligaci\u00f3n de impuestos atrasados del IRS debido a la disciplina requerida para reservar dinero para el pago de impuestos durante todo el a\u00f1o. No importa cu\u00e1n grave sea su situaci\u00f3n de deuda tributaria  con el IRS, podemos ayudarlo. Tanto las personas como las empresas pueden obtener ayuda con sus impuestos atrasados. No maneje sus impuestos atrasados usted mismo. Obtenga la ayuda que necesita de los profesionales de impuestos de OIC TAX y obtendr\u00e1 los mejores beneficios posibles.<\/p>\n<h3><strong>No Evite los Impuestos Atrasados<\/strong><\/h3>\n<p>Si evita pagar impuestos atrasados, el IRS forzar\u00e1 el cumplimiento de los cobros. El IRS puede obligar a su empleador a embargar su salario y enviar porciones significativas de sus cheques de pago al IRS. El estr\u00e9s de esta situaci\u00f3n le afectar\u00e1 mucho a usted y a tu familia. La ayuda para su problema de impuestos atrasados puede consistir en muchas formas.<\/p>\n<ul>\n<li>Negociar con el IRS para establecer planes de pago;<\/li>\n<li>Presentar una oferta de compromiso para liquidar la deuda por un monto menor;<\/li>\n<li>Presentaci\u00f3n de declaraciones de impuestos antiguas;<\/li>\n<li>Hacer que el IRS levante grav\u00e1menes son algunas de las opciones que el IRS pone a disposici\u00f3n<\/li>\n<\/ul>\n<p>Los profesionales de impuestos de  OIC TAX lo ayudar\u00e1n a resolver su situaci\u00f3n de impuestos atrasados. No esta solo. Lo guiaremos para encontrar la mejor soluci\u00f3n posible para usted.<\/p>\n<p><strong>Para una consulta confidencial gratuita, ll\u00e1menos al 916-331-2011 o complete el\u00a0<a title=\"Contactanos\" href=\"\n\/contact\/\">formulario confidencial<\/a>\u00a0\u00a0y uno de nuestros profesionales de impuestos se comunicar\u00e1 con usted.<\/strong>[\/vc_column_text][\/vc_column][\/vc_row]<\/p>\n<\/div>","protected":false},"excerpt":{"rendered":"<p>[vc_row][vc_column][vc_column_text] Manejo de Impuestos Atrasados Tener que lidiar con impuestos atrasados es una situaci\u00f3n aterradora. Tener una deuda tributaria con el IRS puede agregarle un gran estr\u00e9s a su vida cotidiana. Especialmente si no puede pagar esa deuda tributaria. Los intereses y las multas se suman constantemente a la cantidad que debe, lo que hace [&hellip;]<\/p>\n","protected":false},"author":1,"featured_media":0,"parent":674,"menu_order":0,"comment_status":"closed","ping_status":"closed","template":"","meta":{"footnotes":""},"class_list":["post-719","page","type-page","status-publish","hentry"],"_links":{"self":[{"href":"https:\/\/sanfrancisco.oictaxservices.com\/es\/wp-json\/wp\/v2\/pages\/719"}],"collection":[{"href":"https:\/\/sanfrancisco.oictaxservices.com\/es\/wp-json\/wp\/v2\/pages"}],"about":[{"href":"https:\/\/sanfrancisco.oictaxservices.com\/es\/wp-json\/wp\/v2\/types\/page"}],"author":[{"embeddable":true,"href":"https:\/\/sanfrancisco.oictaxservices.com\/es\/wp-json\/wp\/v2\/users\/1"}],"replies":[{"embeddable":true,"href":"https:\/\/sanfrancisco.oictaxservices.com\/es\/wp-json\/wp\/v2\/comments?post=719"}],"version-history":[{"count":5,"href":"https:\/\/sanfrancisco.oictaxservices.com\/es\/wp-json\/wp\/v2\/pages\/719\/revisions"}],"predecessor-version":[{"id":724,"href":"https:\/\/sanfrancisco.oictaxservices.com\/es\/wp-json\/wp\/v2\/pages\/719\/revisions\/724"}],"up":[{"embeddable":true,"href":"https:\/\/sanfrancisco.oictaxservices.com\/es\/wp-json\/wp\/v2\/pages\/674"}],"wp:attachment":[{"href":"https:\/\/sanfrancisco.oictaxservices.com\/es\/wp-json\/wp\/v2\/media?parent=719"}],"curies":[{"name":"wp","href":"https:\/\/api.w.org\/{rel}","templated":true}]}}