{"id":710,"date":"2019-02-07T19:12:17","date_gmt":"2019-02-07T19:12:17","guid":{"rendered":"https:\/\/www.oictaxservices.com\/soluciones\/bookkeeping-services\/"},"modified":"2019-10-25T19:15:14","modified_gmt":"2019-10-25T19:15:14","slug":"servicios-de-contabilidad","status":"publish","type":"page","link":"https:\/\/sanfrancisco.oictaxservices.com\/es\/soluciones\/servicios-de-contabilidad\/","title":{"rendered":"Servicios de Contabilidad"},"content":{"rendered":"<div class=\"wpb-content-wrapper\"><p>[vc_row][vc_column][vc_column_text]<\/p>\n<h3><strong>OIC Tax  Servicios de Contabilidad<\/strong><\/h3>\n<p>Al mantener sus transacciones contables y financieras precisas y actualizadas, le permitimos centrarse en aumentar resultados, tener datos oportunos y darle m\u00e1s tiempo para dedicarlo en la productividad del negocio. OIC Tax Services est\u00e1 aqu\u00ed para ayudar a su empresa con sus necesidades de contabilidad.<\/p>\n<p>Entendemos que su negocio necesita toda su atenci\u00f3n y sabemos que para nuestra base de clientes es importante que la presentaci\u00f3n de informes financieros sea simple y de bajo costo. Hemos dise\u00f1ado nuestros servicios de contabilidad para hacer precisamente eso, todo con la mentalidad de permitirle escapar de pasar hasta el 50% de su tiempo en tareas administrativas.<\/p>\n<h3><strong>Contabilidad con Tranquilidad<\/strong><\/h3>\n<p>En OIC Tax Services, nuestro papel es brindarle la tranquilidad de saber que sus transacciones financieras comerciales se administran de manera eficiente, profesional y con calidad. Sabr\u00e1 en cualquier momento d\u00f3nde se encuentra su negocio financieramente. Queremos hacer que esta parte de su negocio diario sea poco exigente, simple y sin estr\u00e9s. Cuando  OIC Tax Services se encargue de su contabilidad har\u00e1 exactamente eso.<\/p>\n<h3><strong>Un Contador para su Contabilidad<\/strong><\/h3>\n<p>La contabilidad generalmente es realizada por personal contable. Personal contable es una persona que registra las transacciones financieras diarias de una empresa. \u00c9l o ella generalmente es responsable de escribir los diarios que contienen registros de compras, ventas, recibos y pagos. El contable es responsable de garantizar que todas las transacciones se registren en el libro correcto, el libro mayor del proveedor, el libro mayor del cliente y el libro mayor general; Un contador puede crear informes a partir de la informaci\u00f3n relativa a las transacciones financieras registradas por el personal contable. La contabilidad es vital para el \u00e9xito de una empresa.[\/vc_column_text][\/vc_column][\/vc_row]<\/p>\n<\/div>","protected":false},"excerpt":{"rendered":"<p>[vc_row][vc_column][vc_column_text] OIC Tax Servicios de Contabilidad Al mantener sus transacciones contables y financieras precisas y actualizadas, le permitimos centrarse en aumentar resultados, tener datos oportunos y darle m\u00e1s tiempo para dedicarlo en la productividad del negocio. OIC Tax Services est\u00e1 aqu\u00ed para ayudar a su empresa con sus necesidades de contabilidad. Entendemos que su negocio [&hellip;]<\/p>\n","protected":false},"author":1,"featured_media":0,"parent":674,"menu_order":0,"comment_status":"closed","ping_status":"closed","template":"","meta":{"footnotes":""},"class_list":["post-710","page","type-page","status-publish","hentry"],"_links":{"self":[{"href":"https:\/\/sanfrancisco.oictaxservices.com\/es\/wp-json\/wp\/v2\/pages\/710"}],"collection":[{"href":"https:\/\/sanfrancisco.oictaxservices.com\/es\/wp-json\/wp\/v2\/pages"}],"about":[{"href":"https:\/\/sanfrancisco.oictaxservices.com\/es\/wp-json\/wp\/v2\/types\/page"}],"author":[{"embeddable":true,"href":"https:\/\/sanfrancisco.oictaxservices.com\/es\/wp-json\/wp\/v2\/users\/1"}],"replies":[{"embeddable":true,"href":"https:\/\/sanfrancisco.oictaxservices.com\/es\/wp-json\/wp\/v2\/comments?post=710"}],"version-history":[{"count":5,"href":"https:\/\/sanfrancisco.oictaxservices.com\/es\/wp-json\/wp\/v2\/pages\/710\/revisions"}],"predecessor-version":[{"id":718,"href":"https:\/\/sanfrancisco.oictaxservices.com\/es\/wp-json\/wp\/v2\/pages\/710\/revisions\/718"}],"up":[{"embeddable":true,"href":"https:\/\/sanfrancisco.oictaxservices.com\/es\/wp-json\/wp\/v2\/pages\/674"}],"wp:attachment":[{"href":"https:\/\/sanfrancisco.oictaxservices.com\/es\/wp-json\/wp\/v2\/media?parent=710"}],"curies":[{"name":"wp","href":"https:\/\/api.w.org\/{rel}","templated":true}]}}