{"id":690,"date":"2019-02-07T19:11:03","date_gmt":"2019-02-07T19:11:03","guid":{"rendered":"https:\/\/www.oictaxservices.com\/soluciones\/bank-levy-assistance\/"},"modified":"2019-10-24T21:55:30","modified_gmt":"2019-10-24T21:55:30","slug":"ayuda-con-embargo-bancario","status":"publish","type":"page","link":"https:\/\/sanfrancisco.oictaxservices.com\/es\/soluciones\/ayuda-con-embargo-bancario\/","title":{"rendered":"Ayuda con Embargo Bancario"},"content":{"rendered":"<div class=\"wpb-content-wrapper\"><p>[vc_row][vc_column][vc_column_text]<\/p>\n<h3><strong>IRS y el Embargo Bancario<\/strong><\/h3>\n<p>Cuando el IRS se impacienta por esperar los pagos, algunas veces puede colocar un embargo en su cuenta de banco. Esto significa que congelan su cuenta, toman todo el dinero actualmente dentro de esa cuenta y tambi\u00e9n toman dinero de pagos futuros en la misma hasta que la deuda este saldada. Un embargo bancario puede ser muy perjudicial. Esto tambi\u00e9n aplica a cualquier cuenta a la que tenga acceso legal, incluidas aquellas en las que tiene poder notarial; por lo tanto, tambi\u00e9n puede afectar a su familia. El equipo de impuestos de OIC TAX puede ayudarlo trabajando con el IRS para establecer un plan de pago. Existe la posibilidad de que puedan descongelar las cuentas siempre y cuando exista un plan que este en movimiento. Ll\u00e1menos hoy para proteger a su familia de las dificultades financieras derivadas de un embargo del IRS a su cuenta bancaria.<\/p>\n<p>S\u00ed, el IRS tiene la capacidad de tomar el control de su cuenta bancaria si est\u00e1 atrasado en los pagos o si no les responde de manera oportuna. Evitar\u00e1n que tenga acceso, mientras se llevan todo el dinero que ingresa a la cuenta. No se deje atrapar en un embargo bancario. Llame a OIC TAX hoy mismo. Haremos todo lo posible para evitar que esto le suceda.<\/p>\n<p>Con un embargo fiscal, el IRS puede confiscar sus activos, incluidas sus cuentas bancarias, dej\u00e1ndolo con poco o nada de fondos. Afortunadamente, los embargos pueden ser detenidos. Para evitar o detener las acciones de cobro, es imprescindible que obtenga ayuda profesional de inmediato. No deje que el IRS lo amenace con un embargo fiscal. Proteja sus activos y la vida por la cual ha trabajado tanto.<\/p>\n<p><strong>Para obtener una consulta confidencial gratuita, ll\u00e1menos al 916-331-2011 o complete el\u00a0<a title=\"Contactactanos\" href=\"https:\/\/sanfrancisco.oictaxservices.com\/contact\/\">cuestionario confidencial <\/a>\u00a0\u00a0y uno de nuestros profesionales de impuestos se comunicar\u00e1 con usted.<\/strong>[\/vc_column_text][\/vc_column][\/vc_row]<\/p>\n<\/div>","protected":false},"excerpt":{"rendered":"<p>[vc_row][vc_column][vc_column_text] IRS y el Embargo Bancario Cuando el IRS se impacienta por esperar los pagos, algunas veces puede colocar un embargo en su cuenta de banco. Esto significa que congelan su cuenta, toman todo el dinero actualmente dentro de esa cuenta y tambi\u00e9n toman dinero de pagos futuros en la misma hasta que la deuda [&hellip;]<\/p>\n","protected":false},"author":1,"featured_media":0,"parent":674,"menu_order":0,"comment_status":"closed","ping_status":"closed","template":"","meta":{"footnotes":""},"class_list":["post-690","page","type-page","status-publish","hentry"],"_links":{"self":[{"href":"https:\/\/sanfrancisco.oictaxservices.com\/es\/wp-json\/wp\/v2\/pages\/690"}],"collection":[{"href":"https:\/\/sanfrancisco.oictaxservices.com\/es\/wp-json\/wp\/v2\/pages"}],"about":[{"href":"https:\/\/sanfrancisco.oictaxservices.com\/es\/wp-json\/wp\/v2\/types\/page"}],"author":[{"embeddable":true,"href":"https:\/\/sanfrancisco.oictaxservices.com\/es\/wp-json\/wp\/v2\/users\/1"}],"replies":[{"embeddable":true,"href":"https:\/\/sanfrancisco.oictaxservices.com\/es\/wp-json\/wp\/v2\/comments?post=690"}],"version-history":[{"count":5,"href":"https:\/\/sanfrancisco.oictaxservices.com\/es\/wp-json\/wp\/v2\/pages\/690\/revisions"}],"predecessor-version":[{"id":709,"href":"https:\/\/sanfrancisco.oictaxservices.com\/es\/wp-json\/wp\/v2\/pages\/690\/revisions\/709"}],"up":[{"embeddable":true,"href":"https:\/\/sanfrancisco.oictaxservices.com\/es\/wp-json\/wp\/v2\/pages\/674"}],"wp:attachment":[{"href":"https:\/\/sanfrancisco.oictaxservices.com\/es\/wp-json\/wp\/v2\/media?parent=690"}],"curies":[{"name":"wp","href":"https:\/\/api.w.org\/{rel}","templated":true}]}}