{"id":676,"date":"2019-02-07T19:11:52","date_gmt":"2019-02-07T19:11:52","guid":{"rendered":"https:\/\/www.oictaxservices.com\/soluciones\/abatement-of-penalties\/"},"modified":"2019-10-24T16:52:30","modified_gmt":"2019-10-24T16:52:30","slug":"reduccion-de-sanciones","status":"publish","type":"page","link":"https:\/\/sanfrancisco.oictaxservices.com\/es\/soluciones\/reduccion-de-sanciones\/","title":{"rendered":"Reducci\u00f3n de Sanciones"},"content":{"rendered":"<div class=\"wpb-content-wrapper\"><p>[vc_row][vc_column][vc_column_text]Las multas e intereses del IRS pueden hacer que una peque\u00f1a deuda tributaria atrasada se acumule en una cantidad inmanejable en un per\u00edodo de tiempo muy corto. Las sanciones por s\u00ed solas pueden representar el 25% de la cantidad que se debe. Nuestros experimentados profesionales de impuestos son expertos en  reducci\u00f3n de multas, logrando que el IRS elimine su penalidad total o parcialmente. Esto reducir\u00e1 la cantidad que debe y le ayudar\u00e1 a resolver su deuda tributaria r\u00e1pidamente. Por lo general, cuando alguien le debe dinero al IRS, se encuentra en una situaci\u00f3n dif\u00edcil. Las sanciones solo hacen que esa persona retroceda m\u00e1s, empuj\u00e1ndolo a un agujero m\u00e1s profundo. El IRS tiene una definici\u00f3n amplia de reducci\u00f3n, con el requisito de que usted cumpla con uno de estos tres motivos b\u00e1sicos:<\/p>\n<ul>\n<li>Causa Rasonable<\/li>\n<li>Exenciones Administrativas<\/li>\n<li>Un Error del IRS<\/li>\n<\/ul>\n<p>Si bien la \u00abcausa razonable\u00bb depender\u00e1 de su situaci\u00f3n particular, generalmente calificar\u00e1 si hubo factores fuera de su control involucrados en el hecho de que no pague su deuda tributaria. Por ejemplo:<\/p>\n<ul>\n<li>Enfermedad Grave<\/li>\n<li>Destrucci\u00f3n o robo de sus registros.<\/li>\n<li>Muerte en la familia<\/li>\n<li>Desastres (Tales como huracanes, terremotos, inundaciones, etc.)<\/li>\n<li>Desempleo prolongado<\/li>\n<li>Divorcio u otra interrupci\u00f3n importante de la vida<\/li>\n<\/ul>\n<p>No pague penalizaciones y reducciones innecesarias del IRS sin buscar ayuda profesional. Los profesionales de OIC Tax le ayudar\u00e1n a determinar su mejor opci\u00f3n. Los profesionales de impuestos de OIC TAX utilizar\u00e1n sus conocimientos,  experiencia y negociar\u00e1n con el IRS por usted. Podemos ahorrarle dinero ayud\u00e1ndole a reducir sus multas y obtener el mejor resultado posible. No lidie con esto a ciegas. Obtenga la orientaci\u00f3n que necesita para reducir esas sanciones llamando a los servicios de Impuestos de OIC TAX hoy mismo.<\/p>\n<p><strong>Ll\u00e1menos al 916-331-2011 o complete nuestro cuestionario confidencial y uno de nuestros profesionales de impuestos se pondr\u00e1 en contacto con usted. Llame lo m\u00e1s pronto posible, para solucionar el problema lo m\u00e1s pronto posible.<\/strong>[\/vc_column_text][\/vc_column][\/vc_row]<\/p>\n<\/div>","protected":false},"excerpt":{"rendered":"<p>[vc_row][vc_column][vc_column_text]Las multas e intereses del IRS pueden hacer que una peque\u00f1a deuda tributaria atrasada se acumule en una cantidad inmanejable en un per\u00edodo de tiempo muy corto. Las sanciones por s\u00ed solas pueden representar el 25% de la cantidad que se debe. Nuestros experimentados profesionales de impuestos son expertos en reducci\u00f3n de multas, logrando que [&hellip;]<\/p>\n","protected":false},"author":1,"featured_media":0,"parent":674,"menu_order":0,"comment_status":"closed","ping_status":"closed","template":"","meta":{"footnotes":""},"class_list":["post-676","page","type-page","status-publish","hentry"],"_links":{"self":[{"href":"https:\/\/sanfrancisco.oictaxservices.com\/es\/wp-json\/wp\/v2\/pages\/676"}],"collection":[{"href":"https:\/\/sanfrancisco.oictaxservices.com\/es\/wp-json\/wp\/v2\/pages"}],"about":[{"href":"https:\/\/sanfrancisco.oictaxservices.com\/es\/wp-json\/wp\/v2\/types\/page"}],"author":[{"embeddable":true,"href":"https:\/\/sanfrancisco.oictaxservices.com\/es\/wp-json\/wp\/v2\/users\/1"}],"replies":[{"embeddable":true,"href":"https:\/\/sanfrancisco.oictaxservices.com\/es\/wp-json\/wp\/v2\/comments?post=676"}],"version-history":[{"count":5,"href":"https:\/\/sanfrancisco.oictaxservices.com\/es\/wp-json\/wp\/v2\/pages\/676\/revisions"}],"predecessor-version":[{"id":689,"href":"https:\/\/sanfrancisco.oictaxservices.com\/es\/wp-json\/wp\/v2\/pages\/676\/revisions\/689"}],"up":[{"embeddable":true,"href":"https:\/\/sanfrancisco.oictaxservices.com\/es\/wp-json\/wp\/v2\/pages\/674"}],"wp:attachment":[{"href":"https:\/\/sanfrancisco.oictaxservices.com\/es\/wp-json\/wp\/v2\/media?parent=676"}],"curies":[{"name":"wp","href":"https:\/\/api.w.org\/{rel}","templated":true}]}}