{"id":670,"date":"2019-02-07T19:06:42","date_gmt":"2019-02-07T19:06:42","guid":{"rendered":"https:\/\/www.oictaxservices.com\/about\/"},"modified":"2020-01-06T16:54:49","modified_gmt":"2020-01-06T16:54:49","slug":"sobre-nosotros","status":"publish","type":"page","link":"https:\/\/sanfrancisco.oictaxservices.com\/es\/sobre-nosotros\/","title":{"rendered":"Sobre Nosotros"},"content":{"rendered":"<div class=\"wpb-content-wrapper\"><p>[vc_row][vc_column width=\u00bb1\/2&#8243;][vc_column_text]Mensaje de Robert Forsythe, propietario de OIC Tax Services:<\/p>\n<p>La misi\u00f3n de OIC TAX es ayudar a personas y empresas a obtener alivio y resoluci\u00f3n de sus presiones y problemas con el IRS. No hacemos falsas promesas, nuestro \u00fanico objetivo es hacer una cosa de la manera m\u00e1s efectiva posible: resolver problemas relacionados con los impuestos del IRS. Podemos ayudarle con problemas del IRS tales como embargos de salarios, grav\u00e1menes bancarios y declaraciones fiscales atrasadas. Estamos dedicados a ayudarle a recuperar la cordura.<br \/>\n[\/vc_column_text][\/vc_column][vc_column width=\u00bb1\/2&#8243;][vc_single_image image=\u00bb642&#8243; img_size=\u00bbfull\u00bb alignment=\u00bbcenter\u00bb style=\u00bbvc_box_shadow_3d\u00bb][\/vc_column][\/vc_row][vc_row css=\u00bb.vc_custom_1578327980097{background-color: #333333 !important;}\u00bb el_class=\u00bbback-fixed\u00bb][vc_column][vc_separator color=\u00bbblack\u00bb style=\u00bbshadow\u00bb border_width=\u00bb6&#8243;][vc_row_inner][vc_column_inner][vc_custom_heading text=\u00bbDestacado Experto En:\u00bb font_container=\u00bbtag:h2|text_align:center\u00bb use_theme_fonts=\u00bbyes\u00bb el_class=\u00bbline-under line-center\u00bb][\/vc_column_inner][\/vc_row_inner][vc_row_inner equal_height=\u00bbyes\u00bb gap=\u00bb3&#8243;][vc_column_inner width=\u00bb1\/6&#8243;][vc_single_image image=\u00bb644&#8243; img_size=\u00bb120&#215;60&#8243; alignment=\u00bbcenter\u00bb][\/vc_column_inner][vc_column_inner width=\u00bb1\/6&#8243;][vc_single_image image=\u00bb645&#8243; img_size=\u00bb120&#215;50&#8243; alignment=\u00bbcenter\u00bb][\/vc_column_inner][vc_column_inner width=\u00bb1\/6&#8243;][vc_single_image image=\u00bb646&#8243; img_size=\u00bb120&#215;35&#8243; alignment=\u00bbcenter\u00bb][\/vc_column_inner][vc_column_inner width=\u00bb1\/6&#8243;][vc_single_image image=\u00bb647&#8243; img_size=\u00bb120&#215;55&#8243; alignment=\u00bbcenter\u00bb][\/vc_column_inner][vc_column_inner width=\u00bb1\/6&#8243;][vc_single_image image=\u00bb648&#8243; img_size=\u00bb120&#215;45&#8243; alignment=\u00bbcenter\u00bb][\/vc_column_inner][vc_column_inner width=\u00bb1\/6&#8243;][vc_single_image image=\u00bb649&#8243; img_size=\u00bb80&#215;66&#8243; alignment=\u00bbcenter\u00bb][\/vc_column_inner][\/vc_row_inner][\/vc_column][\/vc_row][vc_row css=\u00bb.vc_custom_1578328862328{background-color: #333333 !important;}\u00bb][vc_column css=\u00bb.vc_custom_1578328886913{background-color: #333333 !important;}\u00bb][vc_row_inner][vc_column_inner][vc_custom_heading text=\u00bbAS\u00cd COMO LO VIO EN:\u00bb font_container=\u00bbtag:h2|text_align:center|color:%23ffffff\u00bb use_theme_fonts=\u00bbyes\u00bb el_class=\u00bbline-under line-center\u00bb][\/vc_column_inner][\/vc_row_inner][vc_row_inner][vc_column_inner width=\u00bb1\/3&#8243;][vc_single_image image=\u00bb638&#8243; alignment=\u00bbcenter\u00bb][\/vc_column_inner][vc_column_inner width=\u00bb1\/3&#8243;][vc_single_image image=\u00bb629&#8243; alignment=\u00bbcenter\u00bb][\/vc_column_inner][vc_column_inner width=\u00bb1\/3&#8243;][vc_single_image image=\u00bb637&#8243; alignment=\u00bbcenter\u00bb][\/vc_column_inner][\/vc_row_inner][\/vc_column][\/vc_row]<\/p>\n<\/div>","protected":false},"excerpt":{"rendered":"<p>[vc_row][vc_column width=\u00bb1\/2&#8243;][vc_column_text]Mensaje de Robert Forsythe, propietario de OIC Tax Services: La misi\u00f3n de OIC TAX es ayudar a personas y empresas a obtener alivio y resoluci\u00f3n de sus presiones y problemas con el IRS. No hacemos falsas promesas, nuestro \u00fanico objetivo es hacer una cosa de la manera m\u00e1s efectiva posible: resolver problemas relacionados con [&hellip;]<\/p>\n","protected":false},"author":1,"featured_media":0,"parent":0,"menu_order":0,"comment_status":"closed","ping_status":"closed","template":"","meta":{"footnotes":""},"class_list":["post-670","page","type-page","status-publish","hentry"],"_links":{"self":[{"href":"https:\/\/sanfrancisco.oictaxservices.com\/es\/wp-json\/wp\/v2\/pages\/670"}],"collection":[{"href":"https:\/\/sanfrancisco.oictaxservices.com\/es\/wp-json\/wp\/v2\/pages"}],"about":[{"href":"https:\/\/sanfrancisco.oictaxservices.com\/es\/wp-json\/wp\/v2\/types\/page"}],"author":[{"embeddable":true,"href":"https:\/\/sanfrancisco.oictaxservices.com\/es\/wp-json\/wp\/v2\/users\/1"}],"replies":[{"embeddable":true,"href":"https:\/\/sanfrancisco.oictaxservices.com\/es\/wp-json\/wp\/v2\/comments?post=670"}],"version-history":[{"count":5,"href":"https:\/\/sanfrancisco.oictaxservices.com\/es\/wp-json\/wp\/v2\/pages\/670\/revisions"}],"predecessor-version":[{"id":1048,"href":"https:\/\/sanfrancisco.oictaxservices.com\/es\/wp-json\/wp\/v2\/pages\/670\/revisions\/1048"}],"wp:attachment":[{"href":"https:\/\/sanfrancisco.oictaxservices.com\/es\/wp-json\/wp\/v2\/media?parent=670"}],"curies":[{"name":"wp","href":"https:\/\/api.w.org\/{rel}","templated":true}]}}