{"id":1230,"date":"2020-01-22T19:59:47","date_gmt":"2020-01-22T19:59:47","guid":{"rendered":"https:\/\/www.oictaxservices.com\/tax-preparation-services\/"},"modified":"2020-01-31T16:13:45","modified_gmt":"2020-01-31T16:13:45","slug":"preparacion-de-impuestos","status":"publish","type":"page","link":"https:\/\/sanfrancisco.oictaxservices.com\/es\/preparacion-de-impuestos\/","title":{"rendered":"Preparaci\u00f3n de Impuestos"},"content":{"rendered":"<div class=\"wpb-content-wrapper\"><p>[vc_row][vc_column][vc_single_image image=\u00bb1149&#8243; img_size=\u00bbfull\u00bb alignment=\u00bbcenter\u00bb style=\u00bbvc_box_shadow_3d\u00bb animate=\u00bbfadeInDown\u00bb][vc_column_text]<\/p>\n<h1 style=\"text-align: center;\">Bienvenido A La Compa\u00f1ia #1<br \/>\nDe Preparaci\u00f3n De Impuestos En Am\u00e9rica<\/h1>\n<h3 style=\"text-align: center;\">Un Compa\u00f1ero En El Que Puedes Confiar \u2013 10+ A\u00f1os Ayudando Con Tus Impuestos<\/h3>\n<p>[\/vc_column_text][\/vc_column][\/vc_row][vc_row][vc_column][vc_single_image image=\u00bb1234&#8243; img_size=\u00bbfull\u00bb alignment=\u00bbcenter\u00bb style=\u00bbvc_box_shadow_3d\u00bb animate=\u00bbfadeInLeft\u00bb][\/vc_column][\/vc_row][vc_row][vc_column width=\u00bb1\/2&#8243;][vc_single_image image=\u00bb1236&#8243; img_size=\u00bbfull\u00bb alignment=\u00bbcenter\u00bb style=\u00bbvc_box_shadow_3d\u00bb animate=\u00bbfadeInLeft\u00bb][\/vc_column][vc_column width=\u00bb1\/2&#8243;][vc_single_image image=\u00bb1238&#8243; img_size=\u00bbfull\u00bb alignment=\u00bbcenter\u00bb style=\u00bbvc_box_shadow_3d\u00bb animate=\u00bbfadeInRight\u00bb][\/vc_column][\/vc_row][vc_row][vc_column width=\u00bb1\/2&#8243;][vc_empty_space][vc_column_text]<\/p>\n<h3>OIC TAX Services es una firma de impuestos con servicio completo que maximizar\u00e1 los beneficios financieros tanto para la preparaci\u00f3n de Impuestos Individuales como para la preparaci\u00f3n de Impuestos Comerciales.<\/h3>\n<h3>Los impuestos son complejos, cada individuo o empresa es diferente y el c\u00f3digo tributario sigue evolucionando. Mereces algo m\u00e1s que solamente alguien que prepare tus impuestos. Te mereces un experto!<\/h3>\n<p>[\/vc_column_text][\/vc_column][vc_column width=\u00bb1\/2&#8243;][vc_single_image image=\u00bb1169&#8243; img_size=\u00bbfull\u00bb alignment=\u00bbcenter\u00bb style=\u00bbvc_box_outline_circle\u00bb][\/vc_column][\/vc_row][vc_row][vc_column width=\u00bb1\/6&#8243;][\/vc_column][vc_column width=\u00bb2\/3&#8243;][vc_cta h2=\u00bbLLAMA AHORA!\u00bb h4=\u00bbDISPONIBLES 24\/7&#8243; txt_align=\u00bbcenter\u00bb style=\u00bb3d\u00bb color=\u00bbturquoise\u00bb el_width=\u00bbmd\u00bb add_button=\u00bbright\u00bb btn_title=\u00bbCONTACTANOS!\u00bb btn_style=\u00bb3d\u00bb btn_size=\u00bblg\u00bb btn_align=\u00bbright\u00bb add_icon=\u00bbtop\u00bb i_icon_fontawesome=\u00bbfas fa-phone-volume\u00bb i_color=\u00bbgrey\u00bb i_size=\u00bbxl\u00bb i_css_animation=\u00bbfadeIn\u00bb css_animation=\u00bbbounceIn\u00bb i_link=\u00bburl:https%3A%2F%2Fwww.oictaxservices.com%2Fcontact%2F|||\u00bb btn_link=\u00bburl:https%3A%2F%2Fwww.oictaxservices.com%2Fes%2Fcontacto%2F|title:Contacto||\u00bb]<\/p>\n<h3 style=\"text-align: center;\">(800) 727-6974<\/h3>\n<p>[\/vc_cta][\/vc_column][vc_column width=\u00bb1\/6&#8243;][\/vc_column][\/vc_row][vc_row][vc_column][vc_empty_space][vc_column_text animate=\u00bbzoomIn\u00bb]<\/p>\n<h1 style=\"text-align: center;\">SERVIMOS EL \u00c1REA DE LA BAH\u00cdA DE SAN FRANCISCO!<\/h1>\n<h2 style=\"text-align: center;\">San francisco, San Jose, Berkeley, Oakland y sus alrededores!<\/h2>\n<p>[\/vc_column_text][vc_separator color=\u00bbblack\u00bb style=\u00bbshadow\u00bb border_width=\u00bb5&#8243;][\/vc_column][\/vc_row][vc_row el_class=\u00bbback-fixed back-center\u00bb css=\u00bb.vc_custom_1579733220395{background-color: #0666a0 !important;}\u00bb][vc_column][vc_row_inner][vc_column_inner width=\u00bb1\/3&#8243;][vc_empty_space][vc_single_image image=\u00bb641&#8243; img_size=\u00bbfull\u00bb alignment=\u00bbcenter\u00bb onclick=\u00bbcustom_link\u00bb img_link_target=\u00bb_blank\u00bb link=\u00bbhttps:\/\/www.bbb.org\/us\/ca\/sacramento\/profile\/tax-consultant\/oic-tax-services-1156-90019350&#8243;][\/vc_column_inner][vc_column_inner width=\u00bb1\/3&#8243;][vc_empty_space][vc_single_image image=\u00bb624&#8243; img_size=\u00bbfull\u00bb alignment=\u00bbcenter\u00bb][\/vc_column_inner][vc_column_inner width=\u00bb1\/3&#8243;][vc_empty_space][vc_column_text]<\/p>\n<h4 style=\"text-align: center;\"><span style=\"color: #ffffff;\">SERVICIOS EXCEPCIONALES <\/span><br \/>\n<span style=\"color: #ffffff;\">DE PREPARACI\u00d3N DE IMPUESTOS<\/span><\/h4>\n<h5 style=\"text-align: center;\"><span style=\"color: #ffffff;\">Nos ocupamos de tus impuestos para que puedas concentrarte en otras prioridades en tu vida. Sabemos lo que es importante para ti y entregamos excelentes resultados a\u00f1o tras a\u00f1o.<\/span><\/h5>\n<p>[\/vc_column_text][\/vc_column_inner][\/vc_row_inner][\/vc_column][\/vc_row][vc_row][vc_column][vc_empty_space][vc_column_text]<\/p>\n<h2 style=\"text-align: center;\">\u00bfLE DEBES DINERO AL IRS? \u00a1TENEMOS UNA SOLUCI\u00d3N PARA TI TAMBI\u00c9N!<\/h2>\n<p>[\/vc_column_text][vc_separator color=\u00bbblack\u00bb style=\u00bbshadow\u00bb border_width=\u00bb8&#8243;][\/vc_column][\/vc_row][vc_row][vc_column width=\u00bb1\/3&#8243;][vc_column_text]<\/p>\n<p style=\"text-align: center;\"><span class=\"st-icon\"><i class=\"fa fa-bar-chart circle medium\" style=\"color:#ffffff; background-color:#f36523;\"><\/i><\/span><\/p>\n<h3 style=\"text-align: center; color: #333;\">REGISTROS PRECISOS<\/h3>\n<p>[\/vc_column_text][vc_column_text]<\/p>\n<p style=\"text-align: center;\"><span class=\"st-icon\"><i class=\"fa fa-thumbs-o-up  circle medium\" style=\"color:#ffffff; background-color:#f36523;\"><\/i><\/span><\/p>\n<h3 style=\"text-align: center; color: #333;\">EXPERIENCIA<\/h3>\n<p>[\/vc_column_text][\/vc_column][vc_column width=\u00bb1\/3&#8243;][vc_column_text]<\/p>\n<p style=\"text-align: center;\"><span class=\"st-icon\"><i class=\"fa fa-tachometer circle medium\" style=\"color:#ffffff; background-color:#f36523;\"><\/i><\/span><\/p>\n<h3 style=\"text-align: center; color: #333;\">PREPARACI\u00d3N R\u00c1PIDA<\/h3>\n<p>[\/vc_column_text][vc_column_text]<\/p>\n<p style=\"text-align: center;\"><span class=\"st-icon\"><i class=\"fa fa-usd circle medium\" style=\"color:#ffffff; background-color:#f36523;\"><\/i><\/span><\/p>\n<h3 style=\"text-align: center; color: #333;\">MEJOR PRECIO<\/h3>\n<p>[\/vc_column_text][\/vc_column][vc_column width=\u00bb1\/3&#8243;][vc_column_text]<\/p>\n<p style=\"text-align: center;\"><span class=\"st-icon\"><i class=\"fa fa-hourglass-half circle medium\" style=\"color:#ffffff; background-color:#f36523;\"><\/i><\/span><\/p>\n<h3 style=\"text-align: center; color: #333;\">DEVOLUCIONES A TIEMPO<\/h3>\n<p>[\/vc_column_text][vc_column_text]<\/p>\n<p style=\"text-align: center;\"><span class=\"st-icon\"><i class=\"fa fa-handshake-o circle medium\" style=\"color:#ffffff; background-color:#f36523;\"><\/i><\/span><\/p>\n<h3 style=\"text-align: center; color: #333;\">AYUDA CON DEUDAS<\/h3>\n<p>[\/vc_column_text][\/vc_column][\/vc_row][vc_row][vc_column][vc_single_image image=\u00bb1244&#8243; img_size=\u00bbfull\u00bb alignment=\u00bbcenter\u00bb style=\u00bbvc_box_shadow_3d\u00bb][\/vc_column][\/vc_row][vc_row][vc_column width=\u00bb1\/6&#8243;][\/vc_column][vc_column width=\u00bb2\/3&#8243;][vc_cta h2=\u00bbLLAMA AHORA!\u00bb h4=\u00bbDISPONIBLES 24\/7&#8243; txt_align=\u00bbcenter\u00bb style=\u00bb3d\u00bb color=\u00bbturquoise\u00bb el_width=\u00bbmd\u00bb add_button=\u00bbright\u00bb btn_title=\u00bbCONTACTANOS!\u00bb btn_style=\u00bb3d\u00bb btn_size=\u00bblg\u00bb btn_align=\u00bbright\u00bb add_icon=\u00bbtop\u00bb i_icon_fontawesome=\u00bbfas fa-phone-volume\u00bb i_color=\u00bbgrey\u00bb i_size=\u00bbxl\u00bb i_css_animation=\u00bbfadeIn\u00bb css_animation=\u00bbbounceIn\u00bb i_link=\u00bburl:https%3A%2F%2Fwww.oictaxservices.com%2Fcontact%2F|||\u00bb btn_link=\u00bburl:https%3A%2F%2Fwww.oictaxservices.com%2Fes%2Fcontacto%2F|title:Contacto||\u00bb]<\/p>\n<h3 style=\"text-align: center;\">(800) 727-6974<\/h3>\n<p>[\/vc_cta][\/vc_column][vc_column width=\u00bb1\/6&#8243;][\/vc_column][\/vc_row][vc_row][vc_column][vc_column_text]<\/p>\n<h1 style=\"text-align: center;\">TE SENTIR\u00c1S SEGURO CON TU PREPARACI\u00d3N DE IMPUESTOS<\/h1>\n<h3 style=\"text-align: center;\">Con m\u00e1s de 10 a\u00f1os de experiencia en preparaci\u00f3n de impuestos de tu lado, puedes estar seguro de que obtendr\u00e1s la m\u00e1xima devoluci\u00f3n. Tenemos contadores fiscales y contadores p\u00fablicos certificados con muchos a\u00f1os de experiencia, puedes estar seguro de que tu preparaci\u00f3n de impuestos est\u00e1 en buenas manos. No te conformes con una empresa corporativa que te vea como un n\u00famero. Este a\u00f1o, ser\u00e1s tratado como una persona y tratar\u00e1s con una persona real.<\/h3>\n<p>[\/vc_column_text][\/vc_column][\/vc_row][vc_row][vc_column][vc_column_text]<\/p>\n<p>[\/vc_column_text][\/vc_column][\/vc_row][vc_row][vc_column width=\u00bb1\/2&#8243;][vc_column_text]<\/p>\n<h3 style=\"text-align: center;\">Mensaje de Robert Forsythe,<br \/>\nPropietario de OIC Tax Services:<\/h3>\n<p>La misi\u00f3n de OIC TAX es ayudar a personas y empresas a obtener los mejores resultados en su preparaci\u00f3n de impuestos. No hacemos falsas promesas, nuestro \u00fanico objetivo es hacer una cosa de la manera m\u00e1s efectiva posible: ayudarlo con sus asuntos fiscales. Nuestros profesionales lo ayudar\u00e1n con su preparaci\u00f3n de impuestos y en caso de que deba dinero, negociaremos con el IRS la mejor resoluci\u00f3n posible que se aplique a su caso.<\/p>\n<p>\u00a1Bienvenido a la familia OIC TAX Services!<br \/>\n[\/vc_column_text][\/vc_column][vc_column width=\u00bb1\/2&#8243;][vc_single_image image=\u00bb642&#8243; img_size=\u00bbfull\u00bb alignment=\u00bbcenter\u00bb style=\u00bbvc_box_shadow_3d\u00bb][\/vc_column][\/vc_row][vc_row][vc_column][vc_row_inner][vc_column_inner][vc_separator color=\u00bbblack\u00bb style=\u00bbshadow\u00bb border_width=\u00bb6&#8243;][vc_custom_heading text=\u00bbDestacado Experto En:\u00bb font_container=\u00bbtag:h2|text_align:center\u00bb use_theme_fonts=\u00bbyes\u00bb el_class=\u00bbline-under line-center\u00bb][\/vc_column_inner][\/vc_row_inner][vc_row_inner equal_height=\u00bbyes\u00bb gap=\u00bb3&#8243;][vc_column_inner width=\u00bb1\/6&#8243;][vc_single_image image=\u00bb644&#8243; img_size=\u00bb120&#215;60&#8243; alignment=\u00bbcenter\u00bb][\/vc_column_inner][vc_column_inner width=\u00bb1\/6&#8243;][vc_single_image image=\u00bb645&#8243; img_size=\u00bb120&#215;50&#8243; alignment=\u00bbcenter\u00bb][\/vc_column_inner][vc_column_inner width=\u00bb1\/6&#8243;][vc_single_image image=\u00bb646&#8243; img_size=\u00bb120&#215;35&#8243; alignment=\u00bbcenter\u00bb][\/vc_column_inner][vc_column_inner width=\u00bb1\/6&#8243;][vc_single_image image=\u00bb647&#8243; img_size=\u00bb120&#215;55&#8243; alignment=\u00bbcenter\u00bb][\/vc_column_inner][vc_column_inner width=\u00bb1\/6&#8243;][vc_single_image image=\u00bb648&#8243; img_size=\u00bb120&#215;45&#8243; alignment=\u00bbcenter\u00bb][\/vc_column_inner][vc_column_inner width=\u00bb1\/6&#8243;][vc_single_image image=\u00bb649&#8243; img_size=\u00bb80&#215;66&#8243; alignment=\u00bbcenter\u00bb][\/vc_column_inner][\/vc_row_inner][\/vc_column][\/vc_row][vc_row css=\u00bb.vc_custom_1578327980097{background-color: #333333 !important;}\u00bb el_class=\u00bbback-fixed\u00bb][vc_column][\/vc_column][\/vc_row][vc_row css=\u00bb.vc_custom_1578328862328{background-color: #333333 !important;}\u00bb][vc_column css=\u00bb.vc_custom_1578328886913{background-color: #333333 !important;}\u00bb][vc_row_inner][vc_column_inner][vc_custom_heading text=\u00bbAS\u00cd COMO LO VIO EN:\u00bb font_container=\u00bbtag:h2|text_align:center|color:%23ffffff\u00bb use_theme_fonts=\u00bbyes\u00bb el_class=\u00bbline-under line-center\u00bb][\/vc_column_inner][\/vc_row_inner][vc_row_inner][vc_column_inner width=\u00bb1\/3&#8243;][vc_single_image image=\u00bb638&#8243; alignment=\u00bbcenter\u00bb][\/vc_column_inner][vc_column_inner width=\u00bb1\/3&#8243;][vc_single_image image=\u00bb629&#8243; alignment=\u00bbcenter\u00bb][\/vc_column_inner][vc_column_inner width=\u00bb1\/3&#8243;][vc_single_image image=\u00bb637&#8243; alignment=\u00bbcenter\u00bb][\/vc_column_inner][\/vc_row_inner][\/vc_column][\/vc_row][vc_row][vc_column width=\u00bb1\/6&#8243;][\/vc_column][vc_column width=\u00bb2\/3&#8243;][vc_cta h2=\u00bbLLAMA AHORA!\u00bb h4=\u00bbDISPONIBLES 24\/7&#8243; txt_align=\u00bbcenter\u00bb style=\u00bb3d\u00bb color=\u00bbturquoise\u00bb el_width=\u00bbmd\u00bb add_button=\u00bbright\u00bb btn_title=\u00bbCONTACTANOS!\u00bb btn_style=\u00bb3d\u00bb btn_size=\u00bblg\u00bb btn_align=\u00bbright\u00bb add_icon=\u00bbtop\u00bb i_icon_fontawesome=\u00bbfas fa-phone-volume\u00bb i_color=\u00bbgrey\u00bb i_size=\u00bbxl\u00bb i_css_animation=\u00bbfadeIn\u00bb css_animation=\u00bbbounceIn\u00bb i_link=\u00bburl:https%3A%2F%2Fwww.oictaxservices.com%2Fcontact%2F|||\u00bb btn_link=\u00bburl:https%3A%2F%2Fwww.oictaxservices.com%2Fes%2Fcontacto%2F|title:Contacto||\u00bb]<\/p>\n<h3 style=\"text-align: center;\">(800) 727-6974<\/h3>\n<p>[\/vc_cta][\/vc_column][vc_column width=\u00bb1\/6&#8243;][\/vc_column][\/vc_row][vc_row][vc_column][vc_empty_space][vc_column_text]<\/p>\n<h1 style=\"text-align: center;\">PREGUNTAS FRECUENTES:<\/h1>\n<p>[\/vc_column_text][vc_empty_space][\/vc_column][\/vc_row][vc_row][vc_column][vc_column_text]<style>#sp-ea-1249 .spcollapsing { height: 0; overflow: hidden; transition-property: height;transition-duration: 500ms;}#sp-ea-1249.sp-easy-accordion>.sp-ea-single {margin-bottom: 10px; border: 1px solid #e2e2e2; }#sp-ea-1249.sp-easy-accordion>.sp-ea-single>.ea-header a {color: #444;}#sp-ea-1249.sp-easy-accordion>.sp-ea-single>.sp-collapse>.ea-body {background: #fff; color: #444;}#sp-ea-1249.sp-easy-accordion>.sp-ea-single {background: #eee;}#sp-ea-1249.sp-easy-accordion>.sp-ea-single>.ea-header a .ea-expand-icon { float: left; color: #444;font-size: 16px;}<\/style><div id=\"sp_easy_accordion-1776528574\"><div id=\"sp-ea-1249\" class=\"sp-ea-one sp-easy-accordion\" data-ex-icon=\"minus\" data-col-icon=\"plus\"  data-ea-active=\"ea-click\"  data-ea-mode=\"vertical\" data-preloader=\"\" data-scroll-active-item=\"\" data-offset-to-scroll=\"0\"><div class=\"ea-card ea-expand sp-ea-single\"><h3 class=\"ea-header\"><a class=\"collapsed\" id=\"ea-header-12490\" data-sptoggle=\"spcollapse\" data-sptarget=\"#collapse12490\" aria-controls=\"collapse12490\" href=\"javascript:void(0)\"  aria-expanded=\"true\" tabindex=\"0\"><i class=\"ea-expand-icon ea-icon-expand-minus\"><\/i> POR QU\u00c9 DEBO CONTRATAR A OICTAX?<\/a><\/h3><div class=\"sp-collapse spcollapse collapsed show\" id=\"collapse12490\" data-parent=\"#sp-ea-1249\" role=\"region\" aria-labelledby=\"ea-header-12490\"><div class=\"ea-body\"><p>Tenemos licencia y conocimientos completos, pero eso no es suficiente para ofrecer un excelente servicio, tambi\u00e9n somos honestos y nuestros precios son justos. Con nosotros, estar\u00e1 tratando con una persona real que manejar\u00e1 su caso teniendo en cuenta su mejor inter\u00e9s.<\/p>\n<\/div><\/div><\/div><div class=\"ea-card  sp-ea-single\"><h3 class=\"ea-header\"><a class=\"collapsed\" id=\"ea-header-12491\" data-sptoggle=\"spcollapse\" data-sptarget=\"#collapse12491\" aria-controls=\"collapse12491\" href=\"javascript:void(0)\"  aria-expanded=\"false\" tabindex=\"0\"><i class=\"ea-expand-icon ea-icon-expand-plus\"><\/i> QU\u00c9 CIUDADES ATIENDE? <\/a><\/h3><div class=\"sp-collapse spcollapse \" id=\"collapse12491\" data-parent=\"#sp-ea-1249\" role=\"region\" aria-labelledby=\"ea-header-12491\"><div class=\"ea-body\"><p>Estamos establecidos en el \u00e1rea metropolitana de Sacramento, California, pero servimos a todos los estados de los Estados Unidos.<\/p>\n<\/div><\/div><\/div><div class=\"ea-card  sp-ea-single\"><h3 class=\"ea-header\"><a class=\"collapsed\" id=\"ea-header-12492\" data-sptoggle=\"spcollapse\" data-sptarget=\"#collapse12492\" aria-controls=\"collapse12492\" href=\"javascript:void(0)\"  aria-expanded=\"false\" tabindex=\"0\"><i class=\"ea-expand-icon ea-icon-expand-plus\"><\/i> HABLAR\u00c9 CON UN APERSONA REAL?<\/a><\/h3><div class=\"sp-collapse spcollapse \" id=\"collapse12492\" data-parent=\"#sp-ea-1249\" role=\"region\" aria-labelledby=\"ea-header-12492\"><div class=\"ea-body\"><p>S\u00ed, nuestra empresa no est\u00e1 automatizada, creemos en la interacci\u00f3n humana y el servicio al cliente es nuestra prioridad, nunca tendr\u00e1 que lidiar con un robot para manejar sus problemas.<\/p>\n<\/div><\/div><\/div><div class=\"ea-card  sp-ea-single\"><h3 class=\"ea-header\"><a class=\"collapsed\" id=\"ea-header-12493\" data-sptoggle=\"spcollapse\" data-sptarget=\"#collapse12493\" aria-controls=\"collapse12493\" href=\"javascript:void(0)\"  aria-expanded=\"false\" tabindex=\"0\"><i class=\"ea-expand-icon ea-icon-expand-plus\"><\/i> \u00bfEST\u00c1N ACTUALIZADOS EN TECNOLOG\u00cdA Y LAS LEYES DE IMPUESTOS?<\/a><\/h3><div class=\"sp-collapse spcollapse \" id=\"collapse12493\" data-parent=\"#sp-ea-1249\" role=\"region\" aria-labelledby=\"ea-header-12493\"><div class=\"ea-body\"><p>S\u00ed, nuestro personal utiliza la \u00faltima tecnolog\u00eda para respaldar su trabajo y cada a\u00f1o se actualizan sobre los cambios que afectan a nuestros clientes.<\/p>\n<\/div><\/div><\/div><div class=\"ea-card  sp-ea-single\"><h3 class=\"ea-header\"><a class=\"collapsed\" id=\"ea-header-12494\" data-sptoggle=\"spcollapse\" data-sptarget=\"#collapse12494\" aria-controls=\"collapse12494\" href=\"javascript:void(0)\"  aria-expanded=\"false\" tabindex=\"0\"><i class=\"ea-expand-icon ea-icon-expand-plus\"><\/i> CU\u00c1NTO DINERO ME VOLVER\u00c1N?<\/a><\/h3><div class=\"sp-collapse spcollapse \" id=\"collapse12494\" data-parent=\"#sp-ea-1249\" role=\"region\" aria-labelledby=\"ea-header-12494\"><div class=\"ea-body\"><p>Cada situaci\u00f3n es diferente, en la mayor\u00eda de los casos, los empleados W2 recibir\u00e1n un reembolso del gobierno, mientras que otros, como los contratistas bajo la 1099, pueden ser responsables de pagar impuestos al IRS. Si no est\u00e1 seguro de su situaci\u00f3n personal, CONT\u00c1CTENOS para una consulta GRATUITA sin compromiso.<\/p>\n<\/div><\/div><\/div><div class=\"ea-card  sp-ea-single\"><h3 class=\"ea-header\"><a class=\"collapsed\" id=\"ea-header-12495\" data-sptoggle=\"spcollapse\" data-sptarget=\"#collapse12495\" aria-controls=\"collapse12495\" href=\"javascript:void(0)\"  aria-expanded=\"false\" tabindex=\"0\"><i class=\"ea-expand-icon ea-icon-expand-plus\"><\/i> QU\u00c9 PASA SI DEBO DINERO AL IRS PERO NO PUEDO PAGAR?<\/a><\/h3><div class=\"sp-collapse spcollapse \" id=\"collapse12495\" data-parent=\"#sp-ea-1249\" role=\"region\" aria-labelledby=\"ea-header-12495\"><div class=\"ea-body\"><p>El IRS ofrece resoluciones para la gente que realmente lo necesita. Puede ser candidato para uno de ellas. Desde acuerdos a plazos hasta acuerdos por una cantidad mucho menor, tambi\u00e9n podemos ayudarlo a resolver ese problema.<\/p>\n<\/div><\/div><\/div><div class=\"ea-card  sp-ea-single\"><h3 class=\"ea-header\"><a class=\"collapsed\" id=\"ea-header-12496\" data-sptoggle=\"spcollapse\" data-sptarget=\"#collapse12496\" aria-controls=\"collapse12496\" href=\"javascript:void(0)\"  aria-expanded=\"false\" tabindex=\"0\"><i class=\"ea-expand-icon ea-icon-expand-plus\"><\/i> \u00bfSABE EL IRS SI NO HAGO MI DECLARACI\u00d3N DE IMPUESTOS?<\/a><\/h3><div class=\"sp-collapse spcollapse \" id=\"collapse12496\" data-parent=\"#sp-ea-1249\" role=\"region\" aria-labelledby=\"ea-header-12496\"><div class=\"ea-body\"><p>S\u00ed, el IRS lo sabe.<\/p>\n<p>Siempre debe presentar sus impuestos a tiempo, puede tener derecho a un reembolso y perder un posible pago del gobierno.<\/p>\n<\/div><\/div><\/div><div class=\"ea-card  sp-ea-single\"><h3 class=\"ea-header\"><a class=\"collapsed\" id=\"ea-header-12497\" data-sptoggle=\"spcollapse\" data-sptarget=\"#collapse12497\" aria-controls=\"collapse12497\" href=\"javascript:void(0)\"  aria-expanded=\"false\" tabindex=\"0\"><i class=\"ea-expand-icon ea-icon-expand-plus\"><\/i> QU\u00c9 SUCEDE SI NO HAGO MI DECLARACI\u00d3N DE IMPUESTOS?<\/a><\/h3><div class=\"sp-collapse spcollapse \" id=\"collapse12497\" data-parent=\"#sp-ea-1249\" role=\"region\" aria-labelledby=\"ea-header-12497\"><div class=\"ea-body\"><p>Si nunca lo hace, en alg\u00fan momento, el IRS puede presentar una \"declaraci\u00f3n sustitutiva\" para usted y el IRS puede creer que usted debe impuestos. Esa \"declaraci\u00f3n sustitutiva\" NO tomar\u00e1 en consideraci\u00f3n muchos factores a su favor que podr\u00edan darle un resultado positivo.<\/p>\n<\/div><\/div><\/div><\/div><\/div>[\/vc_column_text][\/vc_column][\/vc_row][vc_row][vc_column][\/vc_column][\/vc_row]<\/p>\n<\/div>","protected":false},"excerpt":{"rendered":"<p>[vc_row][vc_column][vc_single_image image=\u00bb1149&#8243; img_size=\u00bbfull\u00bb alignment=\u00bbcenter\u00bb style=\u00bbvc_box_shadow_3d\u00bb animate=\u00bbfadeInDown\u00bb][vc_column_text] Bienvenido A La Compa\u00f1ia #1 De Preparaci\u00f3n De Impuestos En Am\u00e9rica Un Compa\u00f1ero En El Que Puedes Confiar \u2013 10+ A\u00f1os Ayudando Con Tus Impuestos [\/vc_column_text][\/vc_column][\/vc_row][vc_row][vc_column][vc_single_image image=\u00bb1234&#8243; img_size=\u00bbfull\u00bb alignment=\u00bbcenter\u00bb style=\u00bbvc_box_shadow_3d\u00bb animate=\u00bbfadeInLeft\u00bb][\/vc_column][\/vc_row][vc_row][vc_column width=\u00bb1\/2&#8243;][vc_single_image image=\u00bb1236&#8243; img_size=\u00bbfull\u00bb alignment=\u00bbcenter\u00bb style=\u00bbvc_box_shadow_3d\u00bb animate=\u00bbfadeInLeft\u00bb][\/vc_column][vc_column width=\u00bb1\/2&#8243;][vc_single_image image=\u00bb1238&#8243; img_size=\u00bbfull\u00bb alignment=\u00bbcenter\u00bb style=\u00bbvc_box_shadow_3d\u00bb animate=\u00bbfadeInRight\u00bb][\/vc_column][\/vc_row][vc_row][vc_column width=\u00bb1\/2&#8243;][vc_empty_space][vc_column_text] OIC TAX Services es una [&hellip;]<\/p>\n","protected":false},"author":2,"featured_media":0,"parent":0,"menu_order":0,"comment_status":"closed","ping_status":"closed","template":"","meta":{"footnotes":""},"class_list":["post-1230","page","type-page","status-publish","hentry"],"_links":{"self":[{"href":"https:\/\/sanfrancisco.oictaxservices.com\/es\/wp-json\/wp\/v2\/pages\/1230"}],"collection":[{"href":"https:\/\/sanfrancisco.oictaxservices.com\/es\/wp-json\/wp\/v2\/pages"}],"about":[{"href":"https:\/\/sanfrancisco.oictaxservices.com\/es\/wp-json\/wp\/v2\/types\/page"}],"author":[{"embeddable":true,"href":"https:\/\/sanfrancisco.oictaxservices.com\/es\/wp-json\/wp\/v2\/users\/2"}],"replies":[{"embeddable":true,"href":"https:\/\/sanfrancisco.oictaxservices.com\/es\/wp-json\/wp\/v2\/comments?post=1230"}],"version-history":[{"count":5,"href":"https:\/\/sanfrancisco.oictaxservices.com\/es\/wp-json\/wp\/v2\/pages\/1230\/revisions"}],"predecessor-version":[{"id":1318,"href":"https:\/\/sanfrancisco.oictaxservices.com\/es\/wp-json\/wp\/v2\/pages\/1230\/revisions\/1318"}],"wp:attachment":[{"href":"https:\/\/sanfrancisco.oictaxservices.com\/es\/wp-json\/wp\/v2\/media?parent=1230"}],"curies":[{"name":"wp","href":"https:\/\/api.w.org\/{rel}","templated":true}]}}