{"id":1050,"date":"2020-01-03T20:39:28","date_gmt":"2020-01-03T20:39:28","guid":{"rendered":"https:\/\/www.oictaxservices.com\/faq\/"},"modified":"2020-01-28T15:54:31","modified_gmt":"2020-01-28T15:54:31","slug":"preguntas-frecuentes","status":"publish","type":"page","link":"https:\/\/sanfrancisco.oictaxservices.com\/es\/preguntas-frecuentes\/","title":{"rendered":"Preguntas Frecuentes"},"content":{"rendered":"<div class=\"wpb-content-wrapper\"><p>[vc_row][vc_column][vc_single_image image=\u00bb1149&#8243; img_size=\u00bbfull\u00bb alignment=\u00bbright\u00bb style=\u00bbvc_box_shadow_3d\u00bb][\/vc_column][\/vc_row][vc_row][vc_column][vc_column_text]<\/p>\n<h3 style=\"text-align: center;\">SABEMOS QUE TIENE PREGUNTAS<\/h3>\n<p>Estas son algunas de las preguntas que nuestros clientes hacen con frecuencia. Si no encuentra la respuesta que busca en esta lista, cont\u00e1ctenos. Nos gusta ayudar.<\/p>\n<p style=\"text-align: center;\">Llame (916) 331 &#8211; 2011 o clic <a href=\"https:\/\/sanfrancisco.oictaxservices.com\/es\/contacto\/\">AQU\u00cd<\/a> y llene la forma.<\/p>\n<p>[\/vc_column_text][vc_column_text]<style>#sp-ea-1054 .spcollapsing { height: 0; overflow: hidden; transition-property: height;transition-duration: 500ms;}#sp-ea-1054.sp-easy-accordion>.sp-ea-single {margin-bottom: 10px; border: 1px solid #e2e2e2; }#sp-ea-1054.sp-easy-accordion>.sp-ea-single>.ea-header a {color: #444;}#sp-ea-1054.sp-easy-accordion>.sp-ea-single>.sp-collapse>.ea-body {background: #fff; color: #444;}#sp-ea-1054.sp-easy-accordion>.sp-ea-single {background: #eee;}#sp-ea-1054.sp-easy-accordion>.sp-ea-single>.ea-header a .ea-expand-icon { float: left; color: #444;font-size: 16px;}<\/style><div id=\"sp_easy_accordion-1776528587\"><div id=\"sp-ea-1054\" class=\"sp-ea-one sp-easy-accordion\" data-ex-icon=\"minus\" data-col-icon=\"plus\"  data-ea-active=\"ea-click\"  data-ea-mode=\"vertical\" data-preloader=\"\" data-scroll-active-item=\"\" data-offset-to-scroll=\"0\"><div class=\"ea-card ea-expand sp-ea-single\"><h3 class=\"ea-header\"><a class=\"collapsed\" id=\"ea-header-10540\" data-sptoggle=\"spcollapse\" data-sptarget=\"#collapse10540\" aria-controls=\"collapse10540\" href=\"javascript:void(0)\"  aria-expanded=\"true\" tabindex=\"0\"><i class=\"ea-expand-icon ea-icon-expand-minus\"><\/i>  \u00bfPuede el IRS meterme a la c\u00e1rcel?<\/a><\/h3><div class=\"sp-collapse spcollapse collapsed show\" id=\"collapse10540\" data-parent=\"#sp-ea-1054\" role=\"region\" aria-labelledby=\"ea-header-10540\"><div class=\"ea-body\"><p>El IRS NO lo meter\u00e1 a la c\u00e1rcel por no poder pagar sus impuestos, siempre y cuando no haya una intenci\u00f3n fraudulenta, pero har\u00e1n todo lo que est\u00e9 en su poder para cobrar esa deuda, ejemplo: embargos de salarios, embargos bancarios, embargo de propiedad, cancelaci\u00f3n de pasaporte, etc.<\/p>\n<p>Sin embargo, la presentaci\u00f3n de informaci\u00f3n fraudulenta con la intenci\u00f3n de evasi\u00f3n de impuestos puede llevarlo a prisi\u00f3n.<\/p>\n<\/div><\/div><\/div><div class=\"ea-card  sp-ea-single\"><h3 class=\"ea-header\"><a class=\"collapsed\" id=\"ea-header-10541\" data-sptoggle=\"spcollapse\" data-sptarget=\"#collapse10541\" aria-controls=\"collapse10541\" href=\"javascript:void(0)\"  aria-expanded=\"false\" tabindex=\"0\"><i class=\"ea-expand-icon ea-icon-expand-plus\"><\/i> \u00bfPuede el IRS perdonar mi deuda?<\/a><\/h3><div class=\"sp-collapse spcollapse \" id=\"collapse10541\" data-parent=\"#sp-ea-1054\" role=\"region\" aria-labelledby=\"ea-header-10541\"><div class=\"ea-body\"><p>Los problemas pasan en la vida real y el IRS lo sabe, por eso el gobierno tiene muchas resoluciones diferentes para ayudar a los contribuyentes cuando no pueden pagar su deuda tributaria. No todas las circunstancias son iguales y no todos califican para estas resoluciones, pero la respuesta es: \u00a1s\u00ed! En el mejor de los casos, puede reducir parcialmente su deuda tributaria a unos pocos d\u00f3lares. Con una Oferta en Compromiso, usted puede liquidar miles de d\u00f3lares en deudas por tan solo $20. \u00bfEres candidato? Es posible que podamos ayudar. \u00a1Cont\u00e1ctanos para una consulta gratuita!<\/p>\n<\/div><\/div><\/div><div class=\"ea-card  sp-ea-single\"><h3 class=\"ea-header\"><a class=\"collapsed\" id=\"ea-header-10542\" data-sptoggle=\"spcollapse\" data-sptarget=\"#collapse10542\" aria-controls=\"collapse10542\" href=\"javascript:void(0)\"  aria-expanded=\"false\" tabindex=\"0\"><i class=\"ea-expand-icon ea-icon-expand-plus\"><\/i> \u00bfPuede el IRS tomar todo el dinero en mi banco?<\/a><\/h3><div class=\"sp-collapse spcollapse \" id=\"collapse10542\" data-parent=\"#sp-ea-1054\" role=\"region\" aria-labelledby=\"ea-header-10542\"><div class=\"ea-body\"><p>Si, lo puede hacer.<\/p>\n<\/div><\/div><\/div><div class=\"ea-card  sp-ea-single\"><h3 class=\"ea-header\"><a class=\"collapsed\" id=\"ea-header-10543\" data-sptoggle=\"spcollapse\" data-sptarget=\"#collapse10543\" aria-controls=\"collapse10543\" href=\"javascript:void(0)\"  aria-expanded=\"false\" tabindex=\"0\"><i class=\"ea-expand-icon ea-icon-expand-plus\"><\/i> \u00bfPuede el IRS embargar mi salario? (Tomar mi cheque de pago)<\/a><\/h3><div class=\"sp-collapse spcollapse \" id=\"collapse10543\" data-parent=\"#sp-ea-1054\" role=\"region\" aria-labelledby=\"ea-header-10543\"><div class=\"ea-body\"><p>Si, lo pueden hacer.<\/p>\n<\/div><\/div><\/div><div class=\"ea-card  sp-ea-single\"><h3 class=\"ea-header\"><a class=\"collapsed\" id=\"ea-header-10544\" data-sptoggle=\"spcollapse\" data-sptarget=\"#collapse10544\" aria-controls=\"collapse10544\" href=\"javascript:void(0)\"  aria-expanded=\"false\" tabindex=\"0\"><i class=\"ea-expand-icon ea-icon-expand-plus\"><\/i> \u00bfPueden revocar mi pasaporte debido a una deuda de impuestos con el IRS?<\/a><\/h3><div class=\"sp-collapse spcollapse \" id=\"collapse10544\" data-parent=\"#sp-ea-1054\" role=\"region\" aria-labelledby=\"ea-header-10544\"><div class=\"ea-body\"><p>S\u00ed puede. En algunas situaciones, el IRS puede ponerse en contacto con el Departamento de Estado, revocar pasaportes vigentes y negar pasaportes nuevos. Si viaja peri\u00f3dicamente fuera de los Estados Unidos, \u00a1Esta es una noticia importante!<\/p>\n<\/div><\/div><\/div><div class=\"ea-card  sp-ea-single\"><h3 class=\"ea-header\"><a class=\"collapsed\" id=\"ea-header-10545\" data-sptoggle=\"spcollapse\" data-sptarget=\"#collapse10545\" aria-controls=\"collapse10545\" href=\"javascript:void(0)\"  aria-expanded=\"false\" tabindex=\"0\"><i class=\"ea-expand-icon ea-icon-expand-plus\"><\/i> \u00bfQu\u00e9 es el programa <\/a><\/h3><div class=\"sp-collapse spcollapse \" id=\"collapse10545\" data-parent=\"#sp-ea-1054\" role=\"region\" aria-labelledby=\"ea-header-10545\"><div class=\"ea-body\"><p>Este es un programa que permite a los contribuyentes pagar deudas de impuestos sustanciales de manera accesible durante un per\u00edodo de tiempo de 6 a\u00f1os. Los pagos mensuales se basan en sus ingresos actuales y el valor de sus activos l\u00edquidos. La deuda generalmente se paga en su totalidad despu\u00e9s de 6 a\u00f1os.<\/p>\n<p>Est\u00e1 disponible tanto para empresarios como para particulares.<\/p>\n<\/div><\/div><\/div><div class=\"ea-card  sp-ea-single\"><h3 class=\"ea-header\"><a class=\"collapsed\" id=\"ea-header-10546\" data-sptoggle=\"spcollapse\" data-sptarget=\"#collapse10546\" aria-controls=\"collapse10546\" href=\"javascript:void(0)\"  aria-expanded=\"false\" tabindex=\"0\"><i class=\"ea-expand-icon ea-icon-expand-plus\"><\/i> \u00bfEl IRS sabe si no presento impuestos?<\/a><\/h3><div class=\"sp-collapse spcollapse \" id=\"collapse10546\" data-parent=\"#sp-ea-1054\" role=\"region\" aria-labelledby=\"ea-header-10546\"><div class=\"ea-body\"><p>S\u00ed, el IRS lo sabe.<\/p>\n<p>Siempre debe presentar sus impuestos a tiempo, puede tener derecho a un reembolso y perder un posible pago del gobierno.<\/p>\n<\/div><\/div><\/div><div class=\"ea-card  sp-ea-single\"><h3 class=\"ea-header\"><a class=\"collapsed\" id=\"ea-header-10547\" data-sptoggle=\"spcollapse\" data-sptarget=\"#collapse10547\" aria-controls=\"collapse10547\" href=\"javascript:void(0)\"  aria-expanded=\"false\" tabindex=\"0\"><i class=\"ea-expand-icon ea-icon-expand-plus\"><\/i>  \u00bfLos servicios de impuestos son deducibles de impuestos?<\/a><\/h3><div class=\"sp-collapse spcollapse \" id=\"collapse10547\" data-parent=\"#sp-ea-1054\" role=\"region\" aria-labelledby=\"ea-header-10547\"><div class=\"ea-body\">No Content<\/div><\/div><\/div><div class=\"ea-card  sp-ea-single\"><h3 class=\"ea-header\"><a class=\"collapsed\" id=\"ea-header-10548\" data-sptoggle=\"spcollapse\" data-sptarget=\"#collapse10548\" aria-controls=\"collapse10548\" href=\"javascript:void(0)\"  aria-expanded=\"false\" tabindex=\"0\"><i class=\"ea-expand-icon ea-icon-expand-plus\"><\/i> \u00bfQue es Schedule A?<\/a><\/h3><div class=\"sp-collapse spcollapse \" id=\"collapse10548\" data-parent=\"#sp-ea-1054\" role=\"region\" aria-labelledby=\"ea-header-10548\"><div class=\"ea-body\"><p>El \"Schedule A\"(Anexo A) es un formulario de impuesto sobre la renta que los contribuyentes estadounidenses usan para informar sus deducciones detalladas, lo que puede ayudar a reducir su responsabilidad de pago de impuestos federales. Schedule A es un archivo adjunto opcional al formulario est\u00e1ndar 1040 para la gente que paga impuestos anuales sobre la renta.<\/p>\n<\/div><\/div><\/div><div class=\"ea-card  sp-ea-single\"><h3 class=\"ea-header\"><a class=\"collapsed\" id=\"ea-header-10549\" data-sptoggle=\"spcollapse\" data-sptarget=\"#collapse10549\" aria-controls=\"collapse10549\" href=\"javascript:void(0)\"  aria-expanded=\"false\" tabindex=\"0\"><i class=\"ea-expand-icon ea-icon-expand-plus\"><\/i> \u00bfCu\u00e1l es el inter\u00e9s que cobran por los impuestos no pagados?<\/a><\/h3><div class=\"sp-collapse spcollapse \" id=\"collapse10549\" data-parent=\"#sp-ea-1054\" role=\"region\" aria-labelledby=\"ea-header-10549\"><div class=\"ea-body\"><p>El inter\u00e9s es muy alto, esto hace que la deuda aumente r\u00e1pidamente. La multa es del 0.5% de la cantidad adeudada por cada mes.<\/p>\n<\/div><\/div><\/div><div class=\"ea-card  sp-ea-single\"><h3 class=\"ea-header\"><a class=\"collapsed\" id=\"ea-header-105410\" data-sptoggle=\"spcollapse\" data-sptarget=\"#collapse105410\" aria-controls=\"collapse105410\" href=\"javascript:void(0)\"  aria-expanded=\"false\" tabindex=\"0\"><i class=\"ea-expand-icon ea-icon-expand-plus\"><\/i> \u00bfCu\u00e1ntos a\u00f1os puedo pasar sin presentar impuestos?<\/a><\/h3><div class=\"sp-collapse spcollapse \" id=\"collapse105410\" data-parent=\"#sp-ea-1054\" role=\"region\" aria-labelledby=\"ea-header-105410\"><div class=\"ea-body\"><p>De acuerdo con el IRS, todos deber\u00edan presentar impuestos todos los a\u00f1os en el tiempo indicado.<\/p>\n<\/div><\/div><\/div><div class=\"ea-card  sp-ea-single\"><h3 class=\"ea-header\"><a class=\"collapsed\" id=\"ea-header-105411\" data-sptoggle=\"spcollapse\" data-sptarget=\"#collapse105411\" aria-controls=\"collapse105411\" href=\"javascript:void(0)\"  aria-expanded=\"false\" tabindex=\"0\"><i class=\"ea-expand-icon ea-icon-expand-plus\"><\/i> \u00bfQu\u00e9 pasa si el IRS me debe dinero? \u00bfHay una penalidad por no reclamarlo?<\/a><\/h3><div class=\"sp-collapse spcollapse \" id=\"collapse105411\" data-parent=\"#sp-ea-1054\" role=\"region\" aria-labelledby=\"ea-header-105411\"><div class=\"ea-body\"><p>El IRS no lo penalizar\u00e1 si se le debe un reembolso y presenta una declaraci\u00f3n federal tard\u00eda, pero est\u00e1 limitado a presentarla dentro de los 3 a\u00f1os de la fecha original para reclamar el reembolso del dinero.<\/p>\n<\/div><\/div><\/div><div class=\"ea-card  sp-ea-single\"><h3 class=\"ea-header\"><a class=\"collapsed\" id=\"ea-header-105412\" data-sptoggle=\"spcollapse\" data-sptarget=\"#collapse105412\" aria-controls=\"collapse105412\" href=\"javascript:void(0)\"  aria-expanded=\"false\" tabindex=\"0\"><i class=\"ea-expand-icon ea-icon-expand-plus\"><\/i> \u00bfQu\u00e9 sucede si no presento impuestos?<\/a><\/h3><div class=\"sp-collapse spcollapse \" id=\"collapse105412\" data-parent=\"#sp-ea-1054\" role=\"region\" aria-labelledby=\"ea-header-105412\"><div class=\"ea-body\"><p>Si nunca lo hace, en alg\u00fan momento, el IRS puede presentar una \"declaraci\u00f3n sustitutiva\" por usted y entonces el IRS puede creer que usted debe impuestos. Esta \"declaraci\u00f3n sustitutiva\" NO tendr\u00e1 en cuenta muchos factores a su favor que podr\u00edan darle un resultado positivo.<\/p>\n<\/div><\/div><\/div><div class=\"ea-card  sp-ea-single\"><h3 class=\"ea-header\"><a class=\"collapsed\" id=\"ea-header-105413\" data-sptoggle=\"spcollapse\" data-sptarget=\"#collapse105413\" aria-controls=\"collapse105413\" href=\"javascript:void(0)\"  aria-expanded=\"false\" tabindex=\"0\"><i class=\"ea-expand-icon ea-icon-expand-plus\"><\/i> \u00bfQu\u00e9 puede desencadenar una auditor\u00eda del IRS?<\/a><\/h3><div class=\"sp-collapse spcollapse \" id=\"collapse105413\" data-parent=\"#sp-ea-1054\" role=\"region\" aria-labelledby=\"ea-header-105413\"><div class=\"ea-body\"><p>Muchos factores entran en juego, estos son algunos ejemplos:<\/p>\n<ul>\n<li>Su sistema inform\u00e1tico est\u00e1 dise\u00f1ado para detectar anomal\u00edas.<\/li>\n<li>No declaras ingresos registrados<\/li>\n<li>Gastas o depositas mucho dinero en efectivo sin que este registrado<\/li>\n<li>Eres due\u00f1o de un negocio de pago \"en efectivo\"<\/li>\n<li>Declaraste que ganaste m\u00e1s o menos de lo que el IRS tiene en sus registros<\/li>\n<li>Tiene activos o efectivo en otro pa\u00eds.<\/li>\n<\/ul>\n<\/div><\/div><\/div><div class=\"ea-card  sp-ea-single\"><h3 class=\"ea-header\"><a class=\"collapsed\" id=\"ea-header-105414\" data-sptoggle=\"spcollapse\" data-sptarget=\"#collapse105414\" aria-controls=\"collapse105414\" href=\"javascript:void(0)\"  aria-expanded=\"false\" tabindex=\"0\"><i class=\"ea-expand-icon ea-icon-expand-plus\"><\/i> \u00bfCu\u00e1nto cobra una empresa para ayudar con la deudas de impuestos?<\/a><\/h3><div class=\"sp-collapse spcollapse \" id=\"collapse105414\" data-parent=\"#sp-ea-1054\" role=\"region\" aria-labelledby=\"ea-header-105414\"><div class=\"ea-body\"><p>Var\u00eda seg\u00fan la complejidad del caso y la cantidad de trabajo que se necesita para lograr los resultados deseados. La mayor\u00eda de las firmas tributarias leg\u00edtimas ofrecer\u00e1n hacer una revisi\u00f3n de cuenta fiscal para encontrar esta informaci\u00f3n y luego darle un costo por sus servicios.<\/p>\n<p>OICTAX Ha ahorrado miles de d\u00f3lares en deudas a los contribuyentes, algunos de ellos por tan solo $500. El n\u00famero proviene de analizar el tiempo involucrado en la resoluci\u00f3n de su problema, no la cantidad que se le debe al IRS.<\/p>\n<\/div><\/div><\/div><div class=\"ea-card  sp-ea-single\"><h3 class=\"ea-header\"><a class=\"collapsed\" id=\"ea-header-105415\" data-sptoggle=\"spcollapse\" data-sptarget=\"#collapse105415\" aria-controls=\"collapse105415\" href=\"javascript:void(0)\"  aria-expanded=\"false\" tabindex=\"0\"><i class=\"ea-expand-icon ea-icon-expand-plus\"><\/i> \u00bfCu\u00e1nto tiempo lleva resolver mi problema de deudas con el IRS?<\/a><\/h3><div class=\"sp-collapse spcollapse \" id=\"collapse105415\" data-parent=\"#sp-ea-1054\" role=\"region\" aria-labelledby=\"ea-header-105415\"><div class=\"ea-body\"><p>La cantidad de tiempo depende del problema espec\u00edfico y la participaci\u00f3n del contribuyente, tu respuesta r\u00e1pida y la participaci\u00f3n activa ayudan a acelerar el proceso. Si bien algunos casos se pueden resolver en unas pocas semanas, otros pueden llevar varios meses.<\/p>\n<\/div><\/div><\/div><div class=\"ea-card  sp-ea-single\"><h3 class=\"ea-header\"><a class=\"collapsed\" id=\"ea-header-105416\" data-sptoggle=\"spcollapse\" data-sptarget=\"#collapse105416\" aria-controls=\"collapse105416\" href=\"javascript:void(0)\"  aria-expanded=\"false\" tabindex=\"0\"><i class=\"ea-expand-icon ea-icon-expand-plus\"><\/i> \u00bfPuedo hacerlo yo mismo?<\/a><\/h3><div class=\"sp-collapse spcollapse \" id=\"collapse105416\" data-parent=\"#sp-ea-1054\" role=\"region\" aria-labelledby=\"ea-header-105416\"><div class=\"ea-body\"><p>S\u00ed, puede tratar con el IRS o impuestos del estado usted mismo. Es muy recomendable que realice una buena cantidad de investigaci\u00f3n y aprenda todas las leyes aplicables a su caso para evitar errores que puedan tener repercusiones negativas en el resultado. El representante del IRS est\u00e1 bien informado y tiene en mente el inter\u00e9s del IRS. As\u00ed que debes estar bien informado y listo para negociar. Ten cuidado con la informacion que le ofreces al IRS, puede afectarte por siempre.<\/p>\n<\/div><\/div><\/div><div class=\"ea-card  sp-ea-single\"><h3 class=\"ea-header\"><a class=\"collapsed\" id=\"ea-header-105417\" data-sptoggle=\"spcollapse\" data-sptarget=\"#collapse105417\" aria-controls=\"collapse105417\" href=\"javascript:void(0)\"  aria-expanded=\"false\" tabindex=\"0\"><i class=\"ea-expand-icon ea-icon-expand-plus\"><\/i> \u00bfPor qu\u00e9 debo contratar a un profesional?<\/a><\/h3><div class=\"sp-collapse spcollapse \" id=\"collapse105417\" data-parent=\"#sp-ea-1054\" role=\"region\" aria-labelledby=\"ea-header-105417\"><div class=\"ea-body\"><p>Encontrar la resoluci\u00f3n adecuada que aplique a sus circunstancias personales es un proceso bastante complejo. Tener un profesional en impuestos de su parte le quitar\u00e1 el estr\u00e9s de un problema que puede llevar meses resolver. Tendr\u00e1 a alguien que tiene su inter\u00e9s en mente al momento de negociar y tratar con el IRS y el Estado. Adem\u00e1s de eso, puede estar tranquilo de que obtendr\u00e1 la mejor opci\u00f3n posible para resolver su problema fiscal.<\/p>\n<\/div><\/div><\/div><div class=\"ea-card  sp-ea-single\"><h3 class=\"ea-header\"><a class=\"collapsed\" id=\"ea-header-105418\" data-sptoggle=\"spcollapse\" data-sptarget=\"#collapse105418\" aria-controls=\"collapse105418\" href=\"javascript:void(0)\"  aria-expanded=\"false\" tabindex=\"0\"><i class=\"ea-expand-icon ea-icon-expand-plus\"><\/i> \u00bfPor qu\u00e9 los servicios OICTAX son diferentes?<\/a><\/h3><div class=\"sp-collapse spcollapse \" id=\"collapse105418\" data-parent=\"#sp-ea-1054\" role=\"region\" aria-labelledby=\"ea-header-105418\"><div class=\"ea-body\"><p>Algunas compa\u00f1\u00edas solo se enfocan en alcanzar una resoluci\u00f3n y resolver sus problemas\/deudas de impuestos pasados.<\/p>\n<p>En OICTAX nos especializamos en el proceso completo; desde la preparaci\u00f3n de impuestos hasta la resoluci\u00f3n. Resolvemos los problemas fiscales de nuestros clientes teniendo en cuenta el pasado, el presente y el futuro.<\/p>\n<\/div><\/div><\/div><\/div><\/div>[\/vc_column_text][\/vc_column][\/vc_row]<\/p>\n<\/div>","protected":false},"excerpt":{"rendered":"<p>[vc_row][vc_column][vc_single_image image=\u00bb1149&#8243; img_size=\u00bbfull\u00bb alignment=\u00bbright\u00bb style=\u00bbvc_box_shadow_3d\u00bb][\/vc_column][\/vc_row][vc_row][vc_column][vc_column_text] SABEMOS QUE TIENE PREGUNTAS Estas son algunas de las preguntas que nuestros clientes hacen con frecuencia. Si no encuentra la respuesta que busca en esta lista, cont\u00e1ctenos. Nos gusta ayudar. Llame (916) 331 &#8211; 2011 o clic AQU\u00cd y llene la forma. [\/vc_column_text][vc_column_text][\/vc_column_text][\/vc_column][\/vc_row]<\/p>\n","protected":false},"author":2,"featured_media":0,"parent":0,"menu_order":0,"comment_status":"closed","ping_status":"closed","template":"","meta":{"footnotes":""},"class_list":["post-1050","page","type-page","status-publish","hentry"],"_links":{"self":[{"href":"https:\/\/sanfrancisco.oictaxservices.com\/es\/wp-json\/wp\/v2\/pages\/1050"}],"collection":[{"href":"https:\/\/sanfrancisco.oictaxservices.com\/es\/wp-json\/wp\/v2\/pages"}],"about":[{"href":"https:\/\/sanfrancisco.oictaxservices.com\/es\/wp-json\/wp\/v2\/types\/page"}],"author":[{"embeddable":true,"href":"https:\/\/sanfrancisco.oictaxservices.com\/es\/wp-json\/wp\/v2\/users\/2"}],"replies":[{"embeddable":true,"href":"https:\/\/sanfrancisco.oictaxservices.com\/es\/wp-json\/wp\/v2\/comments?post=1050"}],"version-history":[{"count":5,"href":"https:\/\/sanfrancisco.oictaxservices.com\/es\/wp-json\/wp\/v2\/pages\/1050\/revisions"}],"predecessor-version":[{"id":1229,"href":"https:\/\/sanfrancisco.oictaxservices.com\/es\/wp-json\/wp\/v2\/pages\/1050\/revisions\/1229"}],"wp:attachment":[{"href":"https:\/\/sanfrancisco.oictaxservices.com\/es\/wp-json\/wp\/v2\/media?parent=1050"}],"curies":[{"name":"wp","href":"https:\/\/api.w.org\/{rel}","templated":true}]}}